{"id":1798,"date":"2024-05-02T20:35:55","date_gmt":"2024-05-02T20:35:55","guid":{"rendered":"https:\/\/alandachef.com\/startseite\/"},"modified":"2025-02-19T15:00:31","modified_gmt":"2025-02-19T15:00:31","slug":"startseite","status":"publish","type":"page","link":"https:\/\/alandachef.com\/de\/","title":{"rendered":"Startseite"},"content":{"rendered":"\n<div class=\"wp-block-uagb-container uagb-block-bbf39627 alignfull uagb-is-root-container\"><div class=\"uagb-container-inner-blocks-wrap\">\n<div class=\"wp-block-uagb-advanced-heading uagb-block-73e2eab2\"><h1 class=\"uagb-heading-text\">Genie\u00dfen Sie Andalusien, einen Bissen nach dem anderen<\/h1><p class=\"uagb-desc-text\">Kosten Sie die Aromen Andalusiens mit meinem exklusiven Privatkochservice. Von traditionellen Tapas bis hin zu modernen gastronomischen K\u00f6stlichkeiten, lassen Sie mich die Essenz der andalusischen K\u00fcche auf Ihren Tisch bringen. <\/p><\/div>\n\n\n\n<div class=\"wp-block-uagb-buttons uagb-buttons__outer-wrap uagb-btn__default-btn uagb-btn-tablet__default-btn uagb-btn-mobile__default-btn uagb-block-fb6d8b95\"><div class=\"uagb-buttons__wrap uagb-buttons-layout-wrap \">\n<div class=\"wp-block-uagb-buttons-child uagb-buttons__outer-wrap uagb-block-97dd61de wp-block-button\"><div class=\"uagb-button__wrapper\"><a class=\"uagb-buttons-repeater wp-block-button__link\" aria-label=\"\" href=\"https:\/\/alandachef.com\/contact\/\" rel=\"follow noopener\" target=\"_self\" role=\"button\"><div class=\"uagb-button__link\">Kontakt ME<\/div><\/a><\/div><\/div>\n<\/div><\/div>\n<\/div><\/div>\n\n<div class=\"wp-block-uagb-container uagb-block-e7866b07 alignfull uagb-is-root-container\"><div class=\"uagb-container-inner-blocks-wrap\">\n<div class=\"wp-block-uagb-advanced-heading uagb-block-0a58fff5\"><h2 class=\"uagb-heading-text\">Dienstleistungen<\/h2><p class=\"uagb-desc-text\">Von authentischen Tapas bis hin zu modernen gastronomischen K\u00f6stlichkeiten bringe ich die lebendigen Aromen Andalusiens direkt auf Ihren Tisch. Ganz gleich, ob Sie ein privates Essenserlebnis, eine besondere Feier oder einen praktischen Kochkurs suchen, ich schaffe Momente, die \u00fcber das blo\u00dfe Essen hinausgehen &#8211; jedes Gericht erz\u00e4hlt eine Geschichte, und jede Mahlzeit wird zu einem unvergesslichen Erlebnis. <\/p><\/div>\n\n\n\n<div class=\"wp-block-uagb-container uagb-block-e6570b78\">\n<div class=\"wp-block-uagb-container uagb-block-3d2cb4ef\">\n<div class=\"wp-block-uagb-image alignleft uagb-block-04cb61cf wp-block-uagb-image--layout-default wp-block-uagb-image--effect-static wp-block-uagb-image--align-left\"><figure class=\"wp-block-uagb-image__figure\"><img decoding=\"async\" srcset=\"https:\/\/alandachef.com\/wp-content\/uploads\/2025\/02\/dining.jpg ,https:\/\/alandachef.com\/wp-content\/uploads\/2025\/02\/dining.jpg 780w, https:\/\/alandachef.com\/wp-content\/uploads\/2025\/02\/dining.jpg 360w\" sizes=\"auto, (max-width: 480px) 150px\" src=\"https:\/\/alandachef.com\/wp-content\/uploads\/2025\/02\/dining.jpg\" alt=\"\" class=\"uag-image-1613\" width=\"600\" height=\"400\" title=\"Essen\" loading=\"lazy\" role=\"img\"><\/figure><\/div>\n\n\n\n<div class=\"wp-block-uagb-advanced-heading uagb-block-95fc88ef\"><h3 class=\"uagb-heading-text\">Privat dinieren<\/h3><p class=\"uagb-desc-text\">Genie\u00dfen Sie ein pers\u00f6nliches Essenserlebnis bei Ihnen zu Hause, mit frischen Zutaten, kr\u00e4ftigen Aromen und Gerichten, die nur f\u00fcr Sie zubereitet werden.<\/p><\/div>\n<\/div>\n\n\n\n<div class=\"wp-block-uagb-container uagb-block-34c373cb\">\n<div class=\"wp-block-uagb-image alignleft uagb-block-ca7478d4 wp-block-uagb-image--layout-default wp-block-uagb-image--effect-static wp-block-uagb-image--align-left\"><figure class=\"wp-block-uagb-image__figure\"><img decoding=\"async\" srcset=\"https:\/\/alandachef.com\/wp-content\/uploads\/2025\/02\/cooking-lessons-private.jpg ,https:\/\/alandachef.com\/wp-content\/uploads\/2025\/02\/cooking-lessons-private.jpg 780w, https:\/\/alandachef.com\/wp-content\/uploads\/2025\/02\/cooking-lessons-private.jpg 360w\" sizes=\"auto, (max-width: 480px) 150px\" src=\"https:\/\/alandachef.com\/wp-content\/uploads\/2025\/02\/cooking-lessons-private.jpg\" alt=\"\" class=\"uag-image-1615\" width=\"600\" height=\"400\" title=\"kochunterricht-privat\" loading=\"lazy\" role=\"img\"><\/figure><\/div>\n\n\n\n<div class=\"wp-block-uagb-advanced-heading uagb-block-f7c52896\"><h3 class=\"uagb-heading-text\">Kochunterricht<\/h3><p class=\"uagb-desc-text\">Lernen Sie in praktischen Lektionen, authentische spanische Gerichte zu kochen, von traditionellen Tapas bis hin zu modernen mediterranen Aromen, die auf Ihre F\u00e4higkeiten zugeschnitten sind.<\/p><\/div>\n<\/div>\n\n\n\n<div class=\"wp-block-uagb-container uagb-block-5d3877ac\">\n<div class=\"wp-block-uagb-image alignleft uagb-block-906b8e18 wp-block-uagb-image--layout-default wp-block-uagb-image--effect-static wp-block-uagb-image--align-left\"><figure class=\"wp-block-uagb-image__figure\"><img decoding=\"async\" srcset=\"https:\/\/alandachef.com\/wp-content\/uploads\/2025\/02\/catering-1.jpg ,https:\/\/alandachef.com\/wp-content\/uploads\/2025\/02\/catering-1.jpg 780w, https:\/\/alandachef.com\/wp-content\/uploads\/2025\/02\/catering-1.jpg 360w\" sizes=\"auto, (max-width: 480px) 150px\" src=\"https:\/\/alandachef.com\/wp-content\/uploads\/2025\/02\/catering-1.jpg\" alt=\"\" class=\"uag-image-1661\" width=\"600\" height=\"400\" title=\"Gastronomie (1)\" loading=\"lazy\" role=\"img\"><\/figure><\/div>\n\n\n\n<div class=\"wp-block-uagb-advanced-heading uagb-block-6a1fdc68\"><h3 class=\"uagb-heading-text\">Event-Catering<\/h3><p class=\"uagb-desc-text\">Heben Sie Ihre Veranstaltung mit ma\u00dfgeschneiderten Men\u00fcs hervor, die von der andalusischen und internationalen K\u00fcche inspiriert sind, um Ihre G\u00e4ste zu beeindrucken und zu begeistern.<\/p><\/div>\n<\/div>\n<\/div>\n<\/div><\/div>\n\n<div class=\"wp-block-uagb-container uagb-block-e75a8bc7 alignfull uagb-is-root-container\"><div class=\"uagb-container-inner-blocks-wrap\">\n<div class=\"wp-block-uagb-container uagb-block-6520c632\">\n<div class=\"wp-block-uagb-image alignleft uagb-block-d1572b39 wp-block-uagb-image--layout-default wp-block-uagb-image--effect-static wp-block-uagb-image--align-left\"><figure class=\"wp-block-uagb-image__figure\"><img decoding=\"async\" srcset=\"https:\/\/alandachef.com\/wp-content\/uploads\/2025\/02\/alex-chef.jpg ,https:\/\/alandachef.com\/wp-content\/uploads\/2025\/02\/alex-chef.jpg 780w, https:\/\/alandachef.com\/wp-content\/uploads\/2025\/02\/alex-chef.jpg 360w\" sizes=\"auto, (max-width: 480px) 150px\" src=\"https:\/\/alandachef.com\/wp-content\/uploads\/2025\/02\/alex-chef.jpg\" alt=\"\" class=\"uag-image-1618\" width=\"600\" height=\"450\" title=\"alex-chef\" loading=\"lazy\" role=\"img\"><\/figure><\/div>\n<\/div>\n\n\n\n<div class=\"wp-block-uagb-container uagb-block-bf753efa\">\n<div class=\"wp-block-uagb-advanced-heading uagb-block-8b828414\"><h2 class=\"uagb-heading-text\">\u00dcber mich<\/h2><p class=\"uagb-desc-text\">Ich bin in Deutschland geboren, aber in Andalusien aufgewachsen, wo Essen eine Lebensart ist. Ich habe es schon immer geliebt, zu kochen, zu experimentieren und gutes Essen mit anderen zu teilen. <\/p><\/div>\n\n\n\n<div class=\"wp-block-uagb-advanced-heading uagb-block-5c745f98\"><p class=\"uagb-heading-text\">With <strong><em>Alandachef<\/em><\/strong>, I bring that passion to your table\u2014whether it\u2019s a private dinner, an event, or a fun cooking lesson. Simple, fresh, and full of flavor.<\/p><\/div>\n\n\n\n<div class=\"wp-block-uagb-icon-list uagb-block-814139ee\"><div class=\"uagb-icon-list__wrap\">\n<div class=\"wp-block-uagb-icon-list-child uagb-block-765991b7\"><span class=\"uagb-icon-list__source-wrap\"><svg xmlns=\"https:\/\/www.w3.org\/2000\/svg\" viewbox=\"0 0 512 512\"><path d=\"M0 256C0 114.6 114.6 0 256 0C397.4 0 512 114.6 512 256C512 397.4 397.4 512 256 512C114.6 512 0 397.4 0 256zM371.8 211.8C382.7 200.9 382.7 183.1 371.8 172.2C360.9 161.3 343.1 161.3 332.2 172.2L224 280.4L179.8 236.2C168.9 225.3 151.1 225.3 140.2 236.2C129.3 247.1 129.3 264.9 140.2 275.8L204.2 339.8C215.1 350.7 232.9 350.7 243.8 339.8L371.8 211.8z\"><\/path><\/svg><\/span><span class=\"uagb-icon-list__label\">Globale Aromen, andalusische Seele.<\/span><\/div>\n\n\n\n<div class=\"wp-block-uagb-icon-list-child uagb-block-83ca6f36\"><span class=\"uagb-icon-list__source-wrap\"><svg xmlns=\"https:\/\/www.w3.org\/2000\/svg\" viewbox=\"0 0 512 512\"><path d=\"M0 256C0 114.6 114.6 0 256 0C397.4 0 512 114.6 512 256C512 397.4 397.4 512 256 512C114.6 512 0 397.4 0 256zM371.8 211.8C382.7 200.9 382.7 183.1 371.8 172.2C360.9 161.3 343.1 161.3 332.2 172.2L224 280.4L179.8 236.2C168.9 225.3 151.1 225.3 140.2 236.2C129.3 247.1 129.3 264.9 140.2 275.8L204.2 339.8C215.1 350.7 232.9 350.7 243.8 339.8L371.8 211.8z\"><\/path><\/svg><\/span><span class=\"uagb-icon-list__label\">Pers\u00f6nliches Essen, unvergessliche Momente.<\/span><\/div>\n\n\n\n<div class=\"wp-block-uagb-icon-list-child uagb-block-7bbbc787\"><span class=\"uagb-icon-list__source-wrap\"><svg xmlns=\"https:\/\/www.w3.org\/2000\/svg\" viewbox=\"0 0 512 512\"><path d=\"M0 256C0 114.6 114.6 0 256 0C397.4 0 512 114.6 512 256C512 397.4 397.4 512 256 512C114.6 512 0 397.4 0 256zM371.8 211.8C382.7 200.9 382.7 183.1 371.8 172.2C360.9 161.3 343.1 161.3 332.2 172.2L224 280.4L179.8 236.2C168.9 225.3 151.1 225.3 140.2 236.2C129.3 247.1 129.3 264.9 140.2 275.8L204.2 339.8C215.1 350.7 232.9 350.7 243.8 339.8L371.8 211.8z\"><\/path><\/svg><\/span><span class=\"uagb-icon-list__label\">Frische Zutaten, k\u00fchne Kreationen.<\/span><\/div>\n<\/div><\/div>\n<\/div>\n<\/div><\/div>\n\n<div class=\"wp-block-uagb-container uagb-block-fd60b051 alignfull uagb-is-root-container\"><div class=\"uagb-container-inner-blocks-wrap\">\n<div class=\"wp-block-uagb-advanced-heading uagb-block-c38288e8\"><h2 class=\"uagb-heading-text\">Einige Bilder<\/h2><p class=\"uagb-desc-text\">Werfen Sie einen Blick auf einige meiner j\u00fcngsten Veranstaltungen, bei denen gro\u00dfartiges Essen auf unvergessliche Momente trifft. Von intimen Abendessen bis hin zu lebhaften Versammlungen, jedes Gericht wird mit Leidenschaft und Liebe zum Detail zubereitet. Lassen Sie sich von diesen Schnappsch\u00fcssen zu Ihrem n\u00e4chsten kulinarischen Erlebnis inspirieren!  <\/p><\/div>\n<\/div><\/div>\n\n<div class=\"wp-block-uagb-container uagb-block-d11e5f78 alignfull uagb-is-root-container\">\n<div class=\"wp-block-uagb-container uagb-block-b956750c\">\n<div class=\"wp-block-uagb-container uagb-block-83172235\"><\/div>\n\n\n\n<div class=\"wp-block-uagb-container uagb-block-bb99b00d\">\n<div class=\"wp-block-uagb-container uagb-block-fb11859d\">\n<div class=\"wp-block-uagb-container uagb-block-0717e6b4\"><\/div>\n\n\n\n<div class=\"wp-block-uagb-container uagb-block-e408e87c\"><\/div>\n<\/div>\n\n\n\n<div class=\"wp-block-uagb-container uagb-block-ecdae82e\">\n<div class=\"wp-block-uagb-container uagb-block-dddb967b\"><\/div>\n\n\n\n<div class=\"wp-block-uagb-container uagb-block-6e911678\"><\/div>\n<\/div>\n<\/div>\n<\/div>\n<\/div>\n\n<div class=\"wp-block-uagb-container uagb-block-4f71b1d7 alignfull uagb-is-root-container\"><div class=\"uagb-container-inner-blocks-wrap\">\n<div class=\"wp-block-uagb-advanced-heading uagb-block-e28823c8\"><h2 class=\"uagb-heading-text\">Lassen Sie uns das Leben gemeinsam feiern&#8230;<\/h2><\/div>\n\n\n\n<p>Gutes Essen bringt Menschen zusammen und macht jeden Anlass zu etwas Besonderem. Ob es sich um ein romantisches Abendessen, ein Familientreffen oder eine Feier mit Freunden handelt, ich kreiere individuelle Men\u00fcs voller frischer, kr\u00e4ftiger Aromen. Als Privatkoch k\u00fcmmere ich mich um alles, damit Sie sich entspannen, genie\u00dfen und jeden Moment auskosten k\u00f6nnen. Lassen Sie uns Ihr perfektes kulinarisches Erlebnis planen&#8230; nehmen Sie einfach Kontakt auf und lassen Sie uns sehen, was wir kreieren k\u00f6nnen!   <\/p>\n<\/div><\/div>\n\n<div class=\"wp-block-uagb-container uagb-block-2a9574c8 alignfull uagb-is-root-container\"><div class=\"uagb-container-inner-blocks-wrap\">\n<div class=\"wp-block-uagb-info-box uagb-block-871f6ba5 uagb-infobox__content-wrap  uagb-infobox-icon-above-title uagb-infobox-image-valign-top\"><div class=\"uagb-ifb-content\"><div class=\"uagb-ifb-title-wrap\"><h2 class=\"uagb-ifb-title\">Ready to Elevate Your Dining?<\/h2><\/div><p class=\"uagb-ifb-desc\">Contact me now to book our exclusive private chef service and savor the flavors of Andalusia in the comfort of your home.<\/p><div class=\"uagb-ifb-button-wrapper wp-block-button\"><a href=\"\/contact\/\" class=\"uagb-infobox-cta-link wp-block-button__link\" target=\"_self\" rel=\"noopener noreferrer\" onclick=\"return true;\"><span class=\"uagb-inline-editing\">Contact ME<\/span><\/a><\/div><\/div><\/div>\n<\/div><\/div>\n","protected":false},"excerpt":{"rendered":"<p>Genie\u00dfen Sie Andalusien, einen Bissen nach dem anderen Kosten Sie die Aromen Andalusiens mit meinem exklusiven Privatkochservice. Von traditionellen Tapas [&hellip;]<\/p>\n","protected":false},"author":1,"featured_media":0,"parent":0,"menu_order":0,"comment_status":"closed","ping_status":"closed","template":"","meta":{"_uag_custom_page_level_css":"","site-sidebar-layout":"default","site-content-layout":"page-builder","ast-site-content-layout":"full-width-container","site-content-style":"unboxed","site-sidebar-style":"unboxed","ast-global-header-display":"","ast-banner-title-visibility":"","ast-main-header-display":"","ast-hfb-above-header-display":"","ast-hfb-below-header-display":"","ast-hfb-mobile-header-display":"","site-post-title":"disabled","ast-breadcrumbs-content":"","ast-featured-img":"","footer-sml-layout":"","theme-transparent-header-meta":"","adv-header-id-meta":"","stick-header-meta":"","header-above-stick-meta":"","header-main-stick-meta":"","header-below-stick-meta":"","astra-migrate-meta-layouts":"default","ast-page-background-enabled":"default","ast-page-background-meta":{"desktop":{"background-color":"var(--ast-global-color-4)","background-image":"","background-repeat":"repeat","background-position":"center center","background-size":"auto","background-attachment":"scroll","background-type":"","background-media":"","overlay-type":"","overlay-color":"","overlay-opacity":"","overlay-gradient":""},"tablet":{"background-color":"","background-image":"","background-repeat":"repeat","background-position":"center center","background-size":"auto","background-attachment":"scroll","background-type":"","background-media":"","overlay-type":"","overlay-color":"","overlay-opacity":"","overlay-gradient":""},"mobile":{"background-color":"","background-image":"","background-repeat":"repeat","background-position":"center center","background-size":"auto","background-attachment":"scroll","background-type":"","background-media":"","overlay-type":"","overlay-color":"","overlay-opacity":"","overlay-gradient":""}},"ast-content-background-meta":{"desktop":{"background-color":"var(--ast-global-color-5)","background-image":"","background-repeat":"repeat","background-position":"center center","background-size":"auto","background-attachment":"scroll","background-type":"","background-media":"","overlay-type":"","overlay-color":"","overlay-opacity":"","overlay-gradient":""},"tablet":{"background-color":"var(--ast-global-color-5)","background-image":"","background-repeat":"repeat","background-position":"center center","background-size":"auto","background-attachment":"scroll","background-type":"","background-media":"","overlay-type":"","overlay-color":"","overlay-opacity":"","overlay-gradient":""},"mobile":{"background-color":"var(--ast-global-color-5)","background-image":"","background-repeat":"repeat","background-position":"center center","background-size":"auto","background-attachment":"scroll","background-type":"","background-media":"","overlay-type":"","overlay-color":"","overlay-opacity":"","overlay-gradient":""}},"footnotes":""},"class_list":["post-1798","page","type-page","status-publish","hentry"],"uagb_featured_image_src":{"full":false,"thumbnail":false,"medium":false,"medium_large":false,"large":false,"1536x1536":false,"2048x2048":false},"uagb_author_info":{"display_name":"lakasydgdtfcc","author_link":"https:\/\/alandachef.com\/de\/author\/lakasydgdtfcc\/"},"uagb_comment_info":0,"uagb_excerpt":"Genie\u00dfen Sie Andalusien, einen Bissen nach dem anderen Kosten Sie die Aromen Andalusiens mit meinem exklusiven Privatkochservice. Von traditionellen Tapas [&hellip;]","_links":{"self":[{"href":"https:\/\/alandachef.com\/de\/wp-json\/wp\/v2\/pages\/1798","targetHints":{"allow":["GET"]}}],"collection":[{"href":"https:\/\/alandachef.com\/de\/wp-json\/wp\/v2\/pages"}],"about":[{"href":"https:\/\/alandachef.com\/de\/wp-json\/wp\/v2\/types\/page"}],"author":[{"embeddable":true,"href":"https:\/\/alandachef.com\/de\/wp-json\/wp\/v2\/users\/1"}],"replies":[{"embeddable":true,"href":"https:\/\/alandachef.com\/de\/wp-json\/wp\/v2\/comments?post=1798"}],"version-history":[{"count":1,"href":"https:\/\/alandachef.com\/de\/wp-json\/wp\/v2\/pages\/1798\/revisions"}],"predecessor-version":[{"id":1799,"href":"https:\/\/alandachef.com\/de\/wp-json\/wp\/v2\/pages\/1798\/revisions\/1799"}],"wp:attachment":[{"href":"https:\/\/alandachef.com\/de\/wp-json\/wp\/v2\/media?parent=1798"}],"curies":[{"name":"wp","href":"https:\/\/api.w.org\/{rel}","templated":true}]}}