{"id":1806,"date":"2024-05-02T20:35:55","date_gmt":"2024-05-02T20:35:55","guid":{"rendered":"https:\/\/alandachef.com\/dienstleistungen\/"},"modified":"2025-02-19T15:00:36","modified_gmt":"2025-02-19T15:00:36","slug":"dienstleistungen","status":"publish","type":"page","link":"https:\/\/alandachef.com\/de\/dienstleistungen\/","title":{"rendered":"Dienstleistungen"},"content":{"rendered":"\n<div class=\"wp-block-uagb-container uagb-block-4ff1178c alignfull uagb-is-root-container\"><div class=\"uagb-container-inner-blocks-wrap\">\n<div class=\"wp-block-uagb-advanced-heading uagb-block-cd6d7bc4\"><h1 class=\"uagb-heading-text\">Was kann ich f\u00fcr Sie tun?<\/h1><\/div>\n<\/div><\/div>\n\n<div class=\"wp-block-uagb-container uagb-block-fd4a3053 alignfull uagb-is-root-container\"><div class=\"uagb-container-inner-blocks-wrap\">\n<div class=\"wp-block-uagb-advanced-heading uagb-block-1d54974c\"><h2 class=\"uagb-heading-text\">Dienstleistungen<\/h2><\/div>\n\n\n\n<p>Ich kreiere unvergessliche kulinarische Erlebnisse, die nur auf Sie zugeschnitten sind. Ob Sie einen Privatkoch f\u00fcr ein besonderes Abendessen, ein Catering f\u00fcr eine Veranstaltung oder einen unterhaltsamen Kochkurs w\u00fcnschen, ich bringe frische Zutaten, kr\u00e4ftige Aromen und eine pers\u00f6nliche Note in jede Mahlzeit. Lassen Sie uns gemeinsam etwas K\u00f6stliches zubereiten!  <\/p>\n\n\n\n<div class=\"wp-block-uagb-container uagb-block-6dfd2085\">\n<div class=\"wp-block-uagb-container uagb-block-688f5efc\">\n<div class=\"wp-block-uagb-image alignleft uagb-block-86653dc4 wp-block-uagb-image--layout-default wp-block-uagb-image--effect-static wp-block-uagb-image--align-left\"><figure class=\"wp-block-uagb-image__figure\"><img decoding=\"async\" srcset=\"https:\/\/alandachef.com\/wp-content\/uploads\/2024\/05\/private-dinning-1024x576.jpeg ,https:\/\/alandachef.com\/wp-content\/uploads\/2024\/05\/private-dinning.jpeg 780w, https:\/\/alandachef.com\/wp-content\/uploads\/2024\/05\/private-dinning.jpeg 360w\" sizes=\"auto, (max-width: 480px) 150px\" src=\"https:\/\/alandachef.com\/wp-content\/uploads\/2024\/05\/private-dinning-1024x576.jpeg\" alt=\"\" class=\"uag-image-1581\" width=\"600\" height=\"350\" title=\"Privatessen\" loading=\"lazy\" role=\"img\"><\/figure><\/div>\n\n\n\n<div class=\"wp-block-uagb-advanced-heading uagb-block-a9628216\"><h2 class=\"uagb-heading-text\">Privat dinieren<\/h2><p class=\"uagb-desc-text\">Ich bringe das Restaurant-Erlebnis zu Ihnen nach Hause und stelle ein Men\u00fc nur f\u00fcr Sie zusammen. Ob es sich um ein romantisches Abendessen, ein Familientreffen oder eine besondere Feier handelt, ich k\u00fcmmere mich um alles, damit Sie sich entspannen und jeden Bissen genie\u00dfen k\u00f6nnen. <\/p><\/div>\n<\/div>\n\n\n\n<div class=\"wp-block-uagb-container uagb-block-bcecf630\">\n<div class=\"wp-block-uagb-image alignleft uagb-block-2fdd2037 wp-block-uagb-image--layout-default wp-block-uagb-image--effect-static wp-block-uagb-image--align-left\"><figure class=\"wp-block-uagb-image__figure\"><img decoding=\"async\" srcset=\"https:\/\/alandachef.com\/wp-content\/uploads\/2024\/05\/cooking-classes.jpeg ,https:\/\/alandachef.com\/wp-content\/uploads\/2024\/05\/cooking-classes.jpeg 780w, https:\/\/alandachef.com\/wp-content\/uploads\/2024\/05\/cooking-classes.jpeg 360w\" sizes=\"auto, (max-width: 480px) 150px\" src=\"https:\/\/alandachef.com\/wp-content\/uploads\/2024\/05\/cooking-classes.jpeg\" alt=\"\" class=\"uag-image-1586\" width=\"600\" height=\"350\" title=\"Kochkurse\" loading=\"lazy\" role=\"img\"><\/figure><\/div>\n\n\n\n<div class=\"wp-block-uagb-advanced-heading uagb-block-3a66f6da\"><h2 class=\"uagb-heading-text\">Kochkurse<\/h2><p class=\"uagb-desc-text\">M\u00f6chten Sie lernen, wie ein Profi zu kochen? Ich f\u00fchre Sie Schritt f\u00fcr Schritt durch den Prozess, egal ob es darum geht, Tapas zu meistern, die Paella zu perfektionieren oder einfach mehr Selbstvertrauen in der K\u00fcche zu gewinnen. Kein Stress, nur gutes Essen und Spa\u00df!  <\/p><\/div>\n<\/div>\n\n\n\n<div class=\"wp-block-uagb-container uagb-block-9ece309e\">\n<div class=\"wp-block-uagb-image alignleft uagb-block-4271067e wp-block-uagb-image--layout-default wp-block-uagb-image--effect-static wp-block-uagb-image--align-left\"><figure class=\"wp-block-uagb-image__figure\"><img decoding=\"async\" srcset=\"https:\/\/alandachef.com\/wp-content\/uploads\/2024\/05\/event-catering.jpeg ,https:\/\/alandachef.com\/wp-content\/uploads\/2024\/05\/event-catering.jpeg 780w, https:\/\/alandachef.com\/wp-content\/uploads\/2024\/05\/event-catering.jpeg 360w\" sizes=\"auto, (max-width: 480px) 150px\" src=\"https:\/\/alandachef.com\/wp-content\/uploads\/2024\/05\/event-catering.jpeg\" alt=\"\" class=\"uag-image-1585\" width=\"600\" height=\"350\" title=\"Koch,In,Sch\u00fcrze,Mit,Etwas,So\u00dfe,Zu,Gericht,Geschnitten,Koch\" loading=\"lazy\" role=\"img\"><\/figure><\/div>\n\n\n\n<div class=\"wp-block-uagb-advanced-heading uagb-block-4afb6a4c\"><h2 class=\"uagb-heading-text\">Event-Catering<\/h2><p class=\"uagb-desc-text\">Von intimen Zusammenk\u00fcnften bis hin zu gro\u00dfen Feiern &#8211; ich kreiere Men\u00fcs, die zur Stimmung Ihrer Veranstaltung passen. Frische Zutaten, k\u00fchne Geschmacksrichtungen und eine pers\u00f6nliche Note &#8211; damit Sie und Ihre G\u00e4ste sich auf das Schaffen von Erinnerungen konzentrieren k\u00f6nnen. <\/p><\/div>\n<\/div>\n\n\n\n<div class=\"wp-block-uagb-container uagb-block-14bfbaa4\">\n<div class=\"wp-block-uagb-image alignleft uagb-block-dc1134e2 wp-block-uagb-image--layout-default wp-block-uagb-image--effect-static wp-block-uagb-image--align-left\"><figure class=\"wp-block-uagb-image__figure\"><img decoding=\"async\" srcset=\"https:\/\/alandachef.com\/wp-content\/uploads\/2024\/05\/chef.jpeg ,https:\/\/alandachef.com\/wp-content\/uploads\/2024\/05\/chef.jpeg 780w, https:\/\/alandachef.com\/wp-content\/uploads\/2024\/05\/chef.jpeg 360w\" sizes=\"auto, (max-width: 480px) 150px\" src=\"https:\/\/alandachef.com\/wp-content\/uploads\/2024\/05\/chef.jpeg\" alt=\"\" class=\"uag-image-1583\" width=\"600\" height=\"350\" title=\"Chefkoch\" loading=\"lazy\" role=\"img\"><\/figure><\/div>\n\n\n\n<div class=\"wp-block-uagb-advanced-heading uagb-block-f707ce13\"><h2 class=\"uagb-heading-text\">Men\u00fc Konsultation<\/h2><p class=\"uagb-desc-text\">Brauchen Sie Hilfe bei der Zusammenstellung des perfekten Men\u00fcs? Ob f\u00fcr ein Restaurant, eine Veranstaltung oder einfach nur, um Ihre Hausmannskost zu verbessern &#8211; ich helfe Ihnen, Gerichte zu kreieren, die ausgewogen und geschmackvoll sind und genau Ihren Vorstellungen entsprechen. <\/p><\/div>\n<\/div>\n<\/div>\n<\/div><\/div>\n\n<div class=\"wp-block-uagb-container uagb-block-2a9574c8 alignfull uagb-is-root-container\"><div class=\"uagb-container-inner-blocks-wrap\">\n<div class=\"wp-block-uagb-info-box uagb-block-871f6ba5 uagb-infobox__content-wrap  uagb-infobox-icon-above-title uagb-infobox-image-valign-top\"><div class=\"uagb-ifb-content\"><div class=\"uagb-ifb-title-wrap\"><h2 class=\"uagb-ifb-title\">Ready to Elevate Your Dining?<\/h2><\/div><p class=\"uagb-ifb-desc\">Contact me now to book our exclusive private chef service and savor the flavors of Andalusia in the comfort of your home.<\/p><div class=\"uagb-ifb-button-wrapper wp-block-button\"><a href=\"\/contact\/\" class=\"uagb-infobox-cta-link wp-block-button__link\" target=\"_self\" rel=\"noopener noreferrer\" onclick=\"return true;\"><span class=\"uagb-inline-editing\">Contact ME<\/span><\/a><\/div><\/div><\/div>\n<\/div><\/div>\n","protected":false},"excerpt":{"rendered":"<p>Was kann ich f\u00fcr Sie tun? Dienstleistungen Ich kreiere unvergessliche kulinarische Erlebnisse, die nur auf Sie zugeschnitten sind. Ob Sie [&hellip;]<\/p>\n","protected":false},"author":1,"featured_media":0,"parent":0,"menu_order":0,"comment_status":"closed","ping_status":"closed","template":"","meta":{"_uag_custom_page_level_css":"","site-sidebar-layout":"default","site-content-layout":"","ast-site-content-layout":"default","site-content-style":"default","site-sidebar-style":"default","ast-global-header-display":"","ast-banner-title-visibility":"","ast-main-header-display":"","ast-hfb-above-header-display":"","ast-hfb-below-header-display":"","ast-hfb-mobile-header-display":"","site-post-title":"disabled","ast-breadcrumbs-content":"","ast-featured-img":"","footer-sml-layout":"","theme-transparent-header-meta":"","adv-header-id-meta":"","stick-header-meta":"","header-above-stick-meta":"","header-main-stick-meta":"","header-below-stick-meta":"","astra-migrate-meta-layouts":"default","ast-page-background-enabled":"default","ast-page-background-meta":{"desktop":{"background-color":"var(--ast-global-color-4)","background-image":"","background-repeat":"repeat","background-position":"center center","background-size":"auto","background-attachment":"scroll","background-type":"","background-media":"","overlay-type":"","overlay-color":"","overlay-opacity":"","overlay-gradient":""},"tablet":{"background-color":"","background-image":"","background-repeat":"repeat","background-position":"center center","background-size":"auto","background-attachment":"scroll","background-type":"","background-media":"","overlay-type":"","overlay-color":"","overlay-opacity":"","overlay-gradient":""},"mobile":{"background-color":"","background-image":"","background-repeat":"repeat","background-position":"center center","background-size":"auto","background-attachment":"scroll","background-type":"","background-media":"","overlay-type":"","overlay-color":"","overlay-opacity":"","overlay-gradient":""}},"ast-content-background-meta":{"desktop":{"background-color":"var(--ast-global-color-5)","background-image":"","background-repeat":"repeat","background-position":"center center","background-size":"auto","background-attachment":"scroll","background-type":"","background-media":"","overlay-type":"","overlay-color":"","overlay-opacity":"","overlay-gradient":""},"tablet":{"background-color":"var(--ast-global-color-5)","background-image":"","background-repeat":"repeat","background-position":"center center","background-size":"auto","background-attachment":"scroll","background-type":"","background-media":"","overlay-type":"","overlay-color":"","overlay-opacity":"","overlay-gradient":""},"mobile":{"background-color":"var(--ast-global-color-5)","background-image":"","background-repeat":"repeat","background-position":"center center","background-size":"auto","background-attachment":"scroll","background-type":"","background-media":"","overlay-type":"","overlay-color":"","overlay-opacity":"","overlay-gradient":""}},"footnotes":""},"class_list":["post-1806","page","type-page","status-publish","hentry"],"uagb_featured_image_src":{"full":false,"thumbnail":false,"medium":false,"medium_large":false,"large":false,"1536x1536":false,"2048x2048":false},"uagb_author_info":{"display_name":"lakasydgdtfcc","author_link":"https:\/\/alandachef.com\/de\/author\/lakasydgdtfcc\/"},"uagb_comment_info":0,"uagb_excerpt":"Was kann ich f\u00fcr Sie tun? Dienstleistungen Ich kreiere unvergessliche kulinarische Erlebnisse, die nur auf Sie zugeschnitten sind. Ob Sie [&hellip;]","_links":{"self":[{"href":"https:\/\/alandachef.com\/de\/wp-json\/wp\/v2\/pages\/1806","targetHints":{"allow":["GET"]}}],"collection":[{"href":"https:\/\/alandachef.com\/de\/wp-json\/wp\/v2\/pages"}],"about":[{"href":"https:\/\/alandachef.com\/de\/wp-json\/wp\/v2\/types\/page"}],"author":[{"embeddable":true,"href":"https:\/\/alandachef.com\/de\/wp-json\/wp\/v2\/users\/1"}],"replies":[{"embeddable":true,"href":"https:\/\/alandachef.com\/de\/wp-json\/wp\/v2\/comments?post=1806"}],"version-history":[{"count":1,"href":"https:\/\/alandachef.com\/de\/wp-json\/wp\/v2\/pages\/1806\/revisions"}],"predecessor-version":[{"id":1807,"href":"https:\/\/alandachef.com\/de\/wp-json\/wp\/v2\/pages\/1806\/revisions\/1807"}],"wp:attachment":[{"href":"https:\/\/alandachef.com\/de\/wp-json\/wp\/v2\/media?parent=1806"}],"curies":[{"name":"wp","href":"https:\/\/api.w.org\/{rel}","templated":true}]}}