{"id":1791,"date":"2024-05-02T20:35:55","date_gmt":"2024-05-02T20:35:55","guid":{"rendered":"https:\/\/alandachef.com\/acerca-de\/"},"modified":"2025-02-19T15:05:34","modified_gmt":"2025-02-19T15:05:34","slug":"quien-soy","status":"publish","type":"page","link":"https:\/\/alandachef.com\/es\/quien-soy\/","title":{"rendered":"Qui\u00e9n Soy"},"content":{"rendered":"\n<div class=\"wp-block-uagb-container uagb-block-1863530f alignfull uagb-is-root-container\"><div class=\"uagb-container-inner-blocks-wrap\">\n<div class=\"wp-block-uagb-advanced-heading uagb-block-ea286ba0\"><h1 class=\"uagb-heading-text\">Un chef con historia<\/h1><\/div>\n<\/div><\/div>\n\n<div class=\"wp-block-uagb-container uagb-block-d2e6ba0e alignfull uagb-is-root-container\"><div class=\"uagb-container-inner-blocks-wrap\">\n<div class=\"wp-block-uagb-container uagb-block-2149bad4\">\n<div class=\"wp-block-uagb-advanced-heading uagb-block-ab299bc0\"><h2 class=\"uagb-heading-text\">Hola, \u00a1soy Alex!<\/h2><p class=\"uagb-desc-text\">Mi experiencia en la cocina empez\u00f3 de ni\u00f1a en una familia de siete personas, \u00a1imag\u00ednate!<\/p><\/div>\n\n\n\n<p>Tengo que admitir que no se me daba muy bien la escuela. \u00a1Prefiero cocinar para mis padres y hermanos y disfrutar del proceso cada d\u00eda!<\/p>\n\n\n\n<div class=\"wp-block-uagb-advanced-heading uagb-block-d6349496\"><p class=\"uagb-heading-text\">When I was 18, I assisted a cooking school in Estepa, a small village in central Andalusia. Afterwards, I assisted another school in Mijas (Malaga). Ever since, I have been working as a chef in multiple places (Germany, Mallorca &amp; Finland).<\/p><\/div>\n\n\n\n<p>Despu\u00e9s de covid, decid\u00ed empezar mi propio camino como chef privado, y aqu\u00ed estoy&#8230; ofreciendo mis servicios en M\u00e1laga.<\/p>\n<\/div>\n\n\n\n<div class=\"wp-block-uagb-container uagb-block-3184a8fc\">\n<div class=\"wp-block-uagb-image alignright uagb-block-122a5ca6 wp-block-uagb-image--layout-default wp-block-uagb-image--effect-static wp-block-uagb-image--align-right\"><figure class=\"wp-block-uagb-image__figure\"><img decoding=\"async\" srcset=\"https:\/\/alandachef.com\/wp-content\/uploads\/2025\/02\/paella-chef-private-1024x768.jpg ,https:\/\/alandachef.com\/wp-content\/uploads\/2025\/02\/paella-chef-private.jpg 780w, https:\/\/alandachef.com\/wp-content\/uploads\/2025\/02\/paella-chef-private.jpg 360w\" sizes=\"auto, (max-width: 480px) 150px\" src=\"https:\/\/alandachef.com\/wp-content\/uploads\/2025\/02\/paella-chef-private-1024x768.jpg\" alt=\"\" class=\"uag-image-1627\" width=\"600\" height=\"500\" title=\"paellero-chef-privado\" loading=\"lazy\" role=\"img\"><\/figure><\/div>\n<\/div>\n<\/div><\/div>\n\n<div class=\"wp-block-uagb-container uagb-block-6d0d8e33 alignfull uagb-is-root-container\"><div class=\"uagb-container-inner-blocks-wrap\">\n<div class=\"wp-block-uagb-advanced-heading uagb-block-ffc704b6\"><h2 class=\"uagb-heading-text\">M\u00e1s sobre m\u00ed<\/h2><p class=\"uagb-desc-text\">Por qu\u00e9 no te decepcionar\u00e1s si me eliges para tu pr\u00f3xima experiencia<\/p><\/div>\n\n\n\n<div class=\"wp-block-uagb-container uagb-block-e5fd540e\">\n<div class=\"wp-block-uagb-info-box uagb-block-9d4c2a47 uagb-infobox__content-wrap  uagb-infobox-icon-left uagb-infobox-left uagb-infobox-stacked-mobile uagb-infobox-image-valign-top\"><div class=\"uagb-ifb-icon-wrap\"><div class=\"uagb-iconbox-icon-wrap uagb-infobox-shape-circle\"><svg xmlns=\"https:\/\/www.w3.org\/2000\/svg\" viewbox=\"0 0 576 512\"><path d=\"M96 128C96.53 128 97.07 128 97.6 128C105 91.49 137.3 64 176 64C190.1 64 204.1 68.1 216.9 75.25C230.2 49.55 257.1 32 288 32C318.9 32 345.8 49.56 359.1 75.25C371 68.1 385 64 400 64C438.7 64 470.1 91.49 478.4 128C478.9 128 479.5 128 480 128C515.3 128 544 156.7 544 192C544 203.7 540.9 214.6 535.4 224H40.56C35.12 214.6 32 203.7 32 192C32 156.7 60.65 128 96 128H96zM16 283.4C16 268.3 28.28 256 43.43 256H532.6C547.7 256 560 268.3 560 283.4C560 356.3 512.6 418.2 446.9 439.8C447.6 442.4 448 445.2 448 448C448 465.7 433.7 480 416 480H160C142.3 480 128 465.7 128 448C128 445.2 128.4 442.4 129.1 439.8C63.4 418.2 16 356.3 16 283.4H16z\"><\/path><\/svg><\/div><\/div><div class=\"uagb-ifb-content\"><div class=\"uagb-ifb-title-wrap\"><h3 class=\"uagb-ifb-title\">Sabores aut\u00e9nticos<\/h3><\/div><p class=\"uagb-ifb-desc\">Llevo a tu mesa el coraz\u00f3n de la cocina andaluza, utilizando ingredientes frescos y t\u00e9cnicas tradicionales con un toque moderno.<\/p><\/div><\/div>\n\n\n\n<div class=\"wp-block-uagb-info-box uagb-block-100fed11 uagb-infobox__content-wrap  uagb-infobox-icon-left uagb-infobox-left uagb-infobox-stacked-mobile uagb-infobox-image-valign-top\"><div class=\"uagb-ifb-icon-wrap\"><div class=\"uagb-iconbox-icon-wrap uagb-infobox-shape-circle\"><svg xmlns=\"https:\/\/www.w3.org\/2000\/svg\" viewbox=\"0 0 576 512\"><path d=\"M463.1 256c8.75 0 15.1-7.25 15.1-16S472.7 224 463.1 224c-8.75 0-15.1 7.25-15.1 16S455.2 256 463.1 256zM287.1 176c48.5 0 87.1-39.5 87.1-88S336.5 0 287.1 0S200 39.5 200 88S239.5 176 287.1 176zM80 256c8.75 0 15.1-7.25 15.1-16S88.75 224 80 224S64 231.3 64 240S71.25 256 80 256zM75.91 375.1c.6289-.459 41.62-29.26 100.1-50.05L176 432h223.1l-.0004-106.8c58.32 20.8 99.51 49.49 100.1 49.91C508.6 381.1 518.3 384 527.9 384c14.98 0 29.73-7 39.11-20.09c15.41-21.59 10.41-51.56-11.16-66.97c-1.955-1.391-21.1-14.83-51.83-30.85C495.5 279.2 480.7 288 463.1 288c-26.25 0-47.1-21.75-47.1-48c0-3.549 .4648-6.992 1.217-10.33C378.6 217.2 334.4 208 288 208c-59.37 0-114.1 15.01-160.1 32.67C127.6 266.6 106 288 80 288C69.02 288 58.94 284 50.8 277.7c-18.11 10.45-29.25 18.22-30.7 19.26c-21.56 15.41-26.56 45.38-11.16 66.97C24.33 385.5 54.3 390.4 75.91 375.1zM335.1 344c13.25 0 23.1 10.75 23.1 24s-10.75 24-23.1 24c-13.25 0-23.1-10.75-23.1-24S322.7 344 335.1 344zM240 248c13.25 0 23.1 10.75 23.1 24S253.3 296 240 296c-13.25 0-23.1-10.75-23.1-24S226.8 248 240 248zM559.1 464H16c-8.75 0-15.1 7.25-15.1 16l-.0016 16c0 8.75 7.25 16 15.1 16h543.1c8.75 0 15.1-7.25 15.1-16L575.1 480C575.1 471.3 568.7 464 559.1 464z\"><\/path><\/svg><\/div><\/div><div class=\"uagb-ifb-content\"><div class=\"uagb-ifb-title-wrap\"><h3 class=\"uagb-ifb-title\">Experiencia personalizada<\/h3><\/div><p class=\"uagb-ifb-desc\">Cada comida se adapta a tus gustos, ya sea una cena privada, un evento especial o una clase pr\u00e1ctica de cocina.<\/p><\/div><\/div>\n\n\n\n<div class=\"wp-block-uagb-info-box uagb-block-c6ce4d7c uagb-infobox__content-wrap  uagb-infobox-icon-left uagb-infobox-left uagb-infobox-stacked-mobile uagb-infobox-image-valign-top\"><div class=\"uagb-ifb-icon-wrap\"><div class=\"uagb-iconbox-icon-wrap uagb-infobox-shape-circle\"><svg xmlns=\"https:\/\/www.w3.org\/2000\/svg\" viewbox=\"0 0 512 512\"><path d=\"M0 190.9V185.1C0 115.2 50.52 55.58 119.4 44.1C164.1 36.51 211.4 51.37 244 84.02L256 96L267.1 84.02C300.6 51.37 347 36.51 392.6 44.1C461.5 55.58 512 115.2 512 185.1V190.9C512 232.4 494.8 272.1 464.4 300.4L283.7 469.1C276.2 476.1 266.3 480 256 480C245.7 480 235.8 476.1 228.3 469.1L47.59 300.4C17.23 272.1 .0003 232.4 .0003 190.9L0 190.9z\"><\/path><\/svg><\/div><\/div><div class=\"uagb-ifb-content\"><div class=\"uagb-ifb-title-wrap\"><h3 class=\"uagb-ifb-title\">Pasi\u00f3n por la comida<\/h3><\/div><p class=\"uagb-ifb-desc\">Cocinar no es s\u00f3lo mi trabajo: es lo que amo. Pongo esmero, creatividad y un toque personal en cada plato que preparo.<\/p><\/div><\/div>\n<\/div>\n<\/div><\/div>\n\n<div class=\"wp-block-uagb-container uagb-block-2a9574c8 alignfull uagb-is-root-container\"><div class=\"uagb-container-inner-blocks-wrap\">\n<div class=\"wp-block-uagb-info-box uagb-block-871f6ba5 uagb-infobox__content-wrap  uagb-infobox-icon-above-title uagb-infobox-image-valign-top\"><div class=\"uagb-ifb-content\"><div class=\"uagb-ifb-title-wrap\"><h2 class=\"uagb-ifb-title\">Ready to Elevate Your Dining?<\/h2><\/div><p class=\"uagb-ifb-desc\">Contact me now to book our exclusive private chef service and savor the flavors of Andalusia in the comfort of your home.<\/p><div class=\"uagb-ifb-button-wrapper wp-block-button\"><a href=\"\/contact\/\" class=\"uagb-infobox-cta-link wp-block-button__link\" target=\"_self\" rel=\"noopener noreferrer\" onclick=\"return true;\"><span class=\"uagb-inline-editing\">Contact ME<\/span><\/a><\/div><\/div><\/div>\n<\/div><\/div>\n","protected":false},"excerpt":{"rendered":"<p>Un chef con historia Hola, \u00a1soy Alex! Mi experiencia en la cocina empez\u00f3 de ni\u00f1a en una familia de siete [&hellip;]<\/p>\n","protected":false},"author":1,"featured_media":0,"parent":0,"menu_order":0,"comment_status":"closed","ping_status":"closed","template":"","meta":{"_uag_custom_page_level_css":"","site-sidebar-layout":"default","site-content-layout":"page-builder","ast-site-content-layout":"full-width-container","site-content-style":"unboxed","site-sidebar-style":"unboxed","ast-global-header-display":"","ast-banner-title-visibility":"","ast-main-header-display":"","ast-hfb-above-header-display":"","ast-hfb-below-header-display":"","ast-hfb-mobile-header-display":"","site-post-title":"disabled","ast-breadcrumbs-content":"","ast-featured-img":"","footer-sml-layout":"","theme-transparent-header-meta":"","adv-header-id-meta":"","stick-header-meta":"","header-above-stick-meta":"","header-main-stick-meta":"","header-below-stick-meta":"","astra-migrate-meta-layouts":"default","ast-page-background-enabled":"default","ast-page-background-meta":{"desktop":{"background-color":"var(--ast-global-color-4)","background-image":"","background-repeat":"repeat","background-position":"center center","background-size":"auto","background-attachment":"scroll","background-type":"","background-media":"","overlay-type":"","overlay-color":"","overlay-opacity":"","overlay-gradient":""},"tablet":{"background-color":"","background-image":"","background-repeat":"repeat","background-position":"center center","background-size":"auto","background-attachment":"scroll","background-type":"","background-media":"","overlay-type":"","overlay-color":"","overlay-opacity":"","overlay-gradient":""},"mobile":{"background-color":"","background-image":"","background-repeat":"repeat","background-position":"center center","background-size":"auto","background-attachment":"scroll","background-type":"","background-media":"","overlay-type":"","overlay-color":"","overlay-opacity":"","overlay-gradient":""}},"ast-content-background-meta":{"desktop":{"background-color":"var(--ast-global-color-5)","background-image":"","background-repeat":"repeat","background-position":"center center","background-size":"auto","background-attachment":"scroll","background-type":"","background-media":"","overlay-type":"","overlay-color":"","overlay-opacity":"","overlay-gradient":""},"tablet":{"background-color":"var(--ast-global-color-5)","background-image":"","background-repeat":"repeat","background-position":"center center","background-size":"auto","background-attachment":"scroll","background-type":"","background-media":"","overlay-type":"","overlay-color":"","overlay-opacity":"","overlay-gradient":""},"mobile":{"background-color":"var(--ast-global-color-5)","background-image":"","background-repeat":"repeat","background-position":"center center","background-size":"auto","background-attachment":"scroll","background-type":"","background-media":"","overlay-type":"","overlay-color":"","overlay-opacity":"","overlay-gradient":""}},"footnotes":""},"class_list":["post-1791","page","type-page","status-publish","hentry"],"uagb_featured_image_src":{"full":false,"thumbnail":false,"medium":false,"medium_large":false,"large":false,"1536x1536":false,"2048x2048":false},"uagb_author_info":{"display_name":"lakasydgdtfcc","author_link":"https:\/\/alandachef.com\/es\/author\/lakasydgdtfcc\/"},"uagb_comment_info":0,"uagb_excerpt":"Un chef con historia Hola, \u00a1soy Alex! Mi experiencia en la cocina empez\u00f3 de ni\u00f1a en una familia de siete [&hellip;]","_links":{"self":[{"href":"https:\/\/alandachef.com\/es\/wp-json\/wp\/v2\/pages\/1791","targetHints":{"allow":["GET"]}}],"collection":[{"href":"https:\/\/alandachef.com\/es\/wp-json\/wp\/v2\/pages"}],"about":[{"href":"https:\/\/alandachef.com\/es\/wp-json\/wp\/v2\/types\/page"}],"author":[{"embeddable":true,"href":"https:\/\/alandachef.com\/es\/wp-json\/wp\/v2\/users\/1"}],"replies":[{"embeddable":true,"href":"https:\/\/alandachef.com\/es\/wp-json\/wp\/v2\/comments?post=1791"}],"version-history":[{"count":2,"href":"https:\/\/alandachef.com\/es\/wp-json\/wp\/v2\/pages\/1791\/revisions"}],"predecessor-version":[{"id":1815,"href":"https:\/\/alandachef.com\/es\/wp-json\/wp\/v2\/pages\/1791\/revisions\/1815"}],"wp:attachment":[{"href":"https:\/\/alandachef.com\/es\/wp-json\/wp\/v2\/media?parent=1791"}],"curies":[{"name":"wp","href":"https:\/\/api.w.org\/{rel}","templated":true}]}}