{"id":1804,"date":"2024-05-02T20:35:55","date_gmt":"2024-05-02T20:35:55","guid":{"rendered":"https:\/\/alandachef.com\/servicios\/"},"modified":"2025-02-19T15:00:35","modified_gmt":"2025-02-19T15:00:35","slug":"servicios","status":"publish","type":"page","link":"https:\/\/alandachef.com\/es\/servicios\/","title":{"rendered":"Servicios"},"content":{"rendered":"\n<div class=\"wp-block-uagb-container uagb-block-4ff1178c alignfull uagb-is-root-container\"><div class=\"uagb-container-inner-blocks-wrap\">\n<div class=\"wp-block-uagb-advanced-heading uagb-block-cd6d7bc4\"><h1 class=\"uagb-heading-text\">\u00bfQu\u00e9 puedo hacer por Ti?<\/h1><\/div>\n<\/div><\/div>\n\n<div class=\"wp-block-uagb-container uagb-block-fd4a3053 alignfull uagb-is-root-container\"><div class=\"uagb-container-inner-blocks-wrap\">\n<div class=\"wp-block-uagb-advanced-heading uagb-block-1d54974c\"><h2 class=\"uagb-heading-text\">Servicios<\/h2><\/div>\n\n\n\n<p>Creo experiencias gastron\u00f3micas inolvidables, a tu medida. Tanto si quieres un chef privado para una cena especial, un catering para un evento o una divertida clase de cocina, aporto ingredientes frescos, sabores atrevidos y un toque personal a cada comida. \u00a1Hagamos juntos algo delicioso!  <\/p>\n\n\n\n<div class=\"wp-block-uagb-container uagb-block-6dfd2085\">\n<div class=\"wp-block-uagb-container uagb-block-688f5efc\">\n<div class=\"wp-block-uagb-image alignleft uagb-block-86653dc4 wp-block-uagb-image--layout-default wp-block-uagb-image--effect-static wp-block-uagb-image--align-left\"><figure class=\"wp-block-uagb-image__figure\"><img decoding=\"async\" srcset=\"https:\/\/alandachef.com\/wp-content\/uploads\/2024\/05\/private-dinning-1024x576.jpeg ,https:\/\/alandachef.com\/wp-content\/uploads\/2024\/05\/private-dinning.jpeg 780w, https:\/\/alandachef.com\/wp-content\/uploads\/2024\/05\/private-dinning.jpeg 360w\" sizes=\"auto, (max-width: 480px) 150px\" src=\"https:\/\/alandachef.com\/wp-content\/uploads\/2024\/05\/private-dinning-1024x576.jpeg\" alt=\"\" class=\"uag-image-1581\" width=\"600\" height=\"350\" title=\"comedor privado\" loading=\"lazy\" role=\"img\"><\/figure><\/div>\n\n\n\n<div class=\"wp-block-uagb-advanced-heading uagb-block-a9628216\"><h2 class=\"uagb-heading-text\">Comedor privado<\/h2><p class=\"uagb-desc-text\">Llevo la experiencia de un restaurante a tu casa, elaborando un men\u00fa s\u00f3lo para ti. Ya sea una cena rom\u00e1ntica, una reuni\u00f3n familiar o una celebraci\u00f3n especial, me ocupar\u00e9 de todo para que puedas relajarte y disfrutar de cada bocado. <\/p><\/div>\n<\/div>\n\n\n\n<div class=\"wp-block-uagb-container uagb-block-bcecf630\">\n<div class=\"wp-block-uagb-image alignleft uagb-block-2fdd2037 wp-block-uagb-image--layout-default wp-block-uagb-image--effect-static wp-block-uagb-image--align-left\"><figure class=\"wp-block-uagb-image__figure\"><img decoding=\"async\" srcset=\"https:\/\/alandachef.com\/wp-content\/uploads\/2024\/05\/cooking-classes.jpeg ,https:\/\/alandachef.com\/wp-content\/uploads\/2024\/05\/cooking-classes.jpeg 780w, https:\/\/alandachef.com\/wp-content\/uploads\/2024\/05\/cooking-classes.jpeg 360w\" sizes=\"auto, (max-width: 480px) 150px\" src=\"https:\/\/alandachef.com\/wp-content\/uploads\/2024\/05\/cooking-classes.jpeg\" alt=\"\" class=\"uag-image-1586\" width=\"600\" height=\"350\" title=\"clases de cocina\" loading=\"lazy\" role=\"img\"><\/figure><\/div>\n\n\n\n<div class=\"wp-block-uagb-advanced-heading uagb-block-3a66f6da\"><h2 class=\"uagb-heading-text\">Clases de cocina<\/h2><p class=\"uagb-desc-text\">\u00bfQuieres aprender a cocinar como un profesional? Te guiar\u00e9 paso a paso por el proceso, ya sea dominar las tapas, perfeccionar la paella o simplemente adquirir m\u00e1s confianza en la cocina. Sin estr\u00e9s, \u00a1s\u00f3lo buena comida y diversi\u00f3n!  <\/p><\/div>\n<\/div>\n\n\n\n<div class=\"wp-block-uagb-container uagb-block-9ece309e\">\n<div class=\"wp-block-uagb-image alignleft uagb-block-4271067e wp-block-uagb-image--layout-default wp-block-uagb-image--effect-static wp-block-uagb-image--align-left\"><figure class=\"wp-block-uagb-image__figure\"><img decoding=\"async\" srcset=\"https:\/\/alandachef.com\/wp-content\/uploads\/2024\/05\/event-catering.jpeg ,https:\/\/alandachef.com\/wp-content\/uploads\/2024\/05\/event-catering.jpeg 780w, https:\/\/alandachef.com\/wp-content\/uploads\/2024\/05\/event-catering.jpeg 360w\" sizes=\"auto, (max-width: 480px) 150px\" src=\"https:\/\/alandachef.com\/wp-content\/uploads\/2024\/05\/event-catering.jpeg\" alt=\"\" class=\"uag-image-1585\" width=\"600\" height=\"350\" title=\"Cocinero,En,Delantal,A\u00f1adiendo,Algo,De,Salsa,Al,Plato,Recortado,Chef\" loading=\"lazy\" role=\"img\"><\/figure><\/div>\n\n\n\n<div class=\"wp-block-uagb-advanced-heading uagb-block-4afb6a4c\"><h2 class=\"uagb-heading-text\">Catering para eventos<\/h2><p class=\"uagb-desc-text\">Desde reuniones \u00edntimas a grandes celebraciones, creo men\u00fas que se adaptan al ambiente de tu evento. Ingredientes frescos, sabores atrevidos y un toque personal, para que t\u00fa y tus invitados pod\u00e1is centraros en crear recuerdos. <\/p><\/div>\n<\/div>\n\n\n\n<div class=\"wp-block-uagb-container uagb-block-14bfbaa4\">\n<div class=\"wp-block-uagb-image alignleft uagb-block-dc1134e2 wp-block-uagb-image--layout-default wp-block-uagb-image--effect-static wp-block-uagb-image--align-left\"><figure class=\"wp-block-uagb-image__figure\"><img decoding=\"async\" srcset=\"https:\/\/alandachef.com\/wp-content\/uploads\/2024\/05\/chef.jpeg ,https:\/\/alandachef.com\/wp-content\/uploads\/2024\/05\/chef.jpeg 780w, https:\/\/alandachef.com\/wp-content\/uploads\/2024\/05\/chef.jpeg 360w\" sizes=\"auto, (max-width: 480px) 150px\" src=\"https:\/\/alandachef.com\/wp-content\/uploads\/2024\/05\/chef.jpeg\" alt=\"\" class=\"uag-image-1583\" width=\"600\" height=\"350\" title=\"chef\" loading=\"lazy\" role=\"img\"><\/figure><\/div>\n\n\n\n<div class=\"wp-block-uagb-advanced-heading uagb-block-f707ce13\"><h2 class=\"uagb-heading-text\">Men\u00fa Consulta<\/h2><p class=\"uagb-desc-text\">\u00bfNecesitas ayuda para dise\u00f1ar el men\u00fa perfecto? Ya sea para un restaurante, un evento o simplemente para mejorar tu cocina casera, te ayudar\u00e9 a crear platos equilibrados, sabrosos y que se ajusten exactamente a lo que buscas. <\/p><\/div>\n<\/div>\n<\/div>\n<\/div><\/div>\n\n<div class=\"wp-block-uagb-container uagb-block-2a9574c8 alignfull uagb-is-root-container\"><div class=\"uagb-container-inner-blocks-wrap\">\n<div class=\"wp-block-uagb-info-box uagb-block-871f6ba5 uagb-infobox__content-wrap  uagb-infobox-icon-above-title uagb-infobox-image-valign-top\"><div class=\"uagb-ifb-content\"><div class=\"uagb-ifb-title-wrap\"><h2 class=\"uagb-ifb-title\">Ready to Elevate Your Dining?<\/h2><\/div><p class=\"uagb-ifb-desc\">Contact me now to book our exclusive private chef service and savor the flavors of Andalusia in the comfort of your home.<\/p><div class=\"uagb-ifb-button-wrapper wp-block-button\"><a href=\"\/contact\/\" class=\"uagb-infobox-cta-link wp-block-button__link\" target=\"_self\" rel=\"noopener noreferrer\" onclick=\"return true;\"><span class=\"uagb-inline-editing\">Contact ME<\/span><\/a><\/div><\/div><\/div>\n<\/div><\/div>\n","protected":false},"excerpt":{"rendered":"<p>\u00bfQu\u00e9 puedo hacer por Ti? Servicios Creo experiencias gastron\u00f3micas inolvidables, a tu medida. Tanto si quieres un chef privado para [&hellip;]<\/p>\n","protected":false},"author":1,"featured_media":0,"parent":0,"menu_order":0,"comment_status":"closed","ping_status":"closed","template":"","meta":{"_uag_custom_page_level_css":"","site-sidebar-layout":"default","site-content-layout":"","ast-site-content-layout":"default","site-content-style":"default","site-sidebar-style":"default","ast-global-header-display":"","ast-banner-title-visibility":"","ast-main-header-display":"","ast-hfb-above-header-display":"","ast-hfb-below-header-display":"","ast-hfb-mobile-header-display":"","site-post-title":"disabled","ast-breadcrumbs-content":"","ast-featured-img":"","footer-sml-layout":"","theme-transparent-header-meta":"","adv-header-id-meta":"","stick-header-meta":"","header-above-stick-meta":"","header-main-stick-meta":"","header-below-stick-meta":"","astra-migrate-meta-layouts":"default","ast-page-background-enabled":"default","ast-page-background-meta":{"desktop":{"background-color":"var(--ast-global-color-4)","background-image":"","background-repeat":"repeat","background-position":"center center","background-size":"auto","background-attachment":"scroll","background-type":"","background-media":"","overlay-type":"","overlay-color":"","overlay-opacity":"","overlay-gradient":""},"tablet":{"background-color":"","background-image":"","background-repeat":"repeat","background-position":"center center","background-size":"auto","background-attachment":"scroll","background-type":"","background-media":"","overlay-type":"","overlay-color":"","overlay-opacity":"","overlay-gradient":""},"mobile":{"background-color":"","background-image":"","background-repeat":"repeat","background-position":"center center","background-size":"auto","background-attachment":"scroll","background-type":"","background-media":"","overlay-type":"","overlay-color":"","overlay-opacity":"","overlay-gradient":""}},"ast-content-background-meta":{"desktop":{"background-color":"var(--ast-global-color-5)","background-image":"","background-repeat":"repeat","background-position":"center center","background-size":"auto","background-attachment":"scroll","background-type":"","background-media":"","overlay-type":"","overlay-color":"","overlay-opacity":"","overlay-gradient":""},"tablet":{"background-color":"var(--ast-global-color-5)","background-image":"","background-repeat":"repeat","background-position":"center center","background-size":"auto","background-attachment":"scroll","background-type":"","background-media":"","overlay-type":"","overlay-color":"","overlay-opacity":"","overlay-gradient":""},"mobile":{"background-color":"var(--ast-global-color-5)","background-image":"","background-repeat":"repeat","background-position":"center center","background-size":"auto","background-attachment":"scroll","background-type":"","background-media":"","overlay-type":"","overlay-color":"","overlay-opacity":"","overlay-gradient":""}},"footnotes":""},"class_list":["post-1804","page","type-page","status-publish","hentry"],"uagb_featured_image_src":{"full":false,"thumbnail":false,"medium":false,"medium_large":false,"large":false,"1536x1536":false,"2048x2048":false},"uagb_author_info":{"display_name":"lakasydgdtfcc","author_link":"https:\/\/alandachef.com\/es\/author\/lakasydgdtfcc\/"},"uagb_comment_info":0,"uagb_excerpt":"\u00bfQu\u00e9 puedo hacer por Ti? Servicios Creo experiencias gastron\u00f3micas inolvidables, a tu medida. Tanto si quieres un chef privado para [&hellip;]","_links":{"self":[{"href":"https:\/\/alandachef.com\/es\/wp-json\/wp\/v2\/pages\/1804","targetHints":{"allow":["GET"]}}],"collection":[{"href":"https:\/\/alandachef.com\/es\/wp-json\/wp\/v2\/pages"}],"about":[{"href":"https:\/\/alandachef.com\/es\/wp-json\/wp\/v2\/types\/page"}],"author":[{"embeddable":true,"href":"https:\/\/alandachef.com\/es\/wp-json\/wp\/v2\/users\/1"}],"replies":[{"embeddable":true,"href":"https:\/\/alandachef.com\/es\/wp-json\/wp\/v2\/comments?post=1804"}],"version-history":[{"count":1,"href":"https:\/\/alandachef.com\/es\/wp-json\/wp\/v2\/pages\/1804\/revisions"}],"predecessor-version":[{"id":1805,"href":"https:\/\/alandachef.com\/es\/wp-json\/wp\/v2\/pages\/1804\/revisions\/1805"}],"wp:attachment":[{"href":"https:\/\/alandachef.com\/es\/wp-json\/wp\/v2\/media?parent=1804"}],"curies":[{"name":"wp","href":"https:\/\/api.w.org\/{rel}","templated":true}]}}