{"id":1796,"date":"2024-05-02T20:35:55","date_gmt":"2024-05-02T20:35:55","guid":{"rendered":"https:\/\/alandachef.com\/etusivu\/"},"modified":"2025-02-19T15:00:31","modified_gmt":"2025-02-19T15:00:31","slug":"etusivu","status":"publish","type":"page","link":"https:\/\/alandachef.com\/fi\/","title":{"rendered":"Etusivu"},"content":{"rendered":"\n<div class=\"wp-block-uagb-container uagb-block-bbf39627 alignfull uagb-is-root-container\"><div class=\"uagb-container-inner-blocks-wrap\">\n<div class=\"wp-block-uagb-advanced-heading uagb-block-73e2eab2\"><h1 class=\"uagb-heading-text\">Nauti Andalusiasta, yksi suupala kerrallaan<\/h1><p class=\"uagb-desc-text\">Maista Andalusian makuja yksityisen kokin yksinoikeudella tarjoaman palvelun avulla. Perinteisist\u00e4 tapaksista nykyaikaisiin gastronomisiin herkkuihin, anna minun tuoda andalusialaisen keitti\u00f6n olemus p\u00f6yt\u00e4\u00e4nne. <\/p><\/div>\n\n\n\n<div class=\"wp-block-uagb-buttons uagb-buttons__outer-wrap uagb-btn__default-btn uagb-btn-tablet__default-btn uagb-btn-mobile__default-btn uagb-block-fb6d8b95\"><div class=\"uagb-buttons__wrap uagb-buttons-layout-wrap \">\n<div class=\"wp-block-uagb-buttons-child uagb-buttons__outer-wrap uagb-block-97dd61de wp-block-button\"><div class=\"uagb-button__wrapper\"><a class=\"uagb-buttons-repeater wp-block-button__link\" aria-label=\"\" href=\"https:\/\/alandachef.com\/contact\/\" rel=\"follow noopener\" target=\"_self\" role=\"button\"><div class=\"uagb-button__link\">Ota yhteytt\u00e4 minuun<\/div><\/a><\/div><\/div>\n<\/div><\/div>\n<\/div><\/div>\n\n<div class=\"wp-block-uagb-container uagb-block-e7866b07 alignfull uagb-is-root-container\"><div class=\"uagb-container-inner-blocks-wrap\">\n<div class=\"wp-block-uagb-advanced-heading uagb-block-0a58fff5\"><h2 class=\"uagb-heading-text\">Palvelut<\/h2><p class=\"uagb-desc-text\">Tuon Andalusian elinvoimaiset maut suoraan p\u00f6yt\u00e4\u00e4nne aidoista tapaksista nykyaikaisiin gastronomisiin herkkuihin. Etsitp\u00e4 sitten yksityist\u00e4 ruokailukokemusta, erityist\u00e4 juhlaa tai k\u00e4yt\u00e4nn\u00f6n ruoanlaittotuntia, luon hetki\u00e4, jotka menev\u00e4t pelkk\u00e4\u00e4 ruokaa pidemm\u00e4lle &#8211; jokainen ruokalaji kertoo tarinan, ja jokaisesta ateriasta tulee el\u00e4mys, jonka muistat. <\/p><\/div>\n\n\n\n<div class=\"wp-block-uagb-container uagb-block-e6570b78\">\n<div class=\"wp-block-uagb-container uagb-block-3d2cb4ef\">\n<div class=\"wp-block-uagb-image alignleft uagb-block-04cb61cf wp-block-uagb-image--layout-default wp-block-uagb-image--effect-static wp-block-uagb-image--align-left\"><figure class=\"wp-block-uagb-image__figure\"><img decoding=\"async\" srcset=\"https:\/\/alandachef.com\/wp-content\/uploads\/2025\/02\/dining.jpg ,https:\/\/alandachef.com\/wp-content\/uploads\/2025\/02\/dining.jpg 780w, https:\/\/alandachef.com\/wp-content\/uploads\/2025\/02\/dining.jpg 360w\" sizes=\"auto, (max-width: 480px) 150px\" src=\"https:\/\/alandachef.com\/wp-content\/uploads\/2025\/02\/dining.jpg\" alt=\"\" class=\"uag-image-1613\" width=\"600\" height=\"400\" title=\"ruokailu\" loading=\"lazy\" role=\"img\"><\/figure><\/div>\n\n\n\n<div class=\"wp-block-uagb-advanced-heading uagb-block-95fc88ef\"><h3 class=\"uagb-heading-text\">Yksityinen ruokailu<\/h3><p class=\"uagb-desc-text\">Nauti henkil\u00f6kohtaisesta ruokailukokemuksesta kotonasi, jossa on tuoreita raaka-aineita, rohkeita makuja ja juuri sinulle suunniteltuja ruokia.<\/p><\/div>\n<\/div>\n\n\n\n<div class=\"wp-block-uagb-container uagb-block-34c373cb\">\n<div class=\"wp-block-uagb-image alignleft uagb-block-ca7478d4 wp-block-uagb-image--layout-default wp-block-uagb-image--effect-static wp-block-uagb-image--align-left\"><figure class=\"wp-block-uagb-image__figure\"><img decoding=\"async\" srcset=\"https:\/\/alandachef.com\/wp-content\/uploads\/2025\/02\/cooking-lessons-private.jpg ,https:\/\/alandachef.com\/wp-content\/uploads\/2025\/02\/cooking-lessons-private.jpg 780w, https:\/\/alandachef.com\/wp-content\/uploads\/2025\/02\/cooking-lessons-private.jpg 360w\" sizes=\"auto, (max-width: 480px) 150px\" src=\"https:\/\/alandachef.com\/wp-content\/uploads\/2025\/02\/cooking-lessons-private.jpg\" alt=\"\" class=\"uag-image-1615\" width=\"600\" height=\"400\" title=\"ruoanlaitto-oppitunnit-yksityinen\" loading=\"lazy\" role=\"img\"><\/figure><\/div>\n\n\n\n<div class=\"wp-block-uagb-advanced-heading uagb-block-f7c52896\"><h3 class=\"uagb-heading-text\">Ruoanlaittotunnit<\/h3><p class=\"uagb-desc-text\">Opettele valmistamaan aitoja espanjalaisia ruokia k\u00e4yt\u00e4nn\u00f6nl\u00e4heisill\u00e4 oppitunneilla, perinteisist\u00e4 tapaksista moderneihin V\u00e4limeren makuihin, jotka on r\u00e4\u00e4t\u00e4l\u00f6ity taitotasollesi sopiviksi.<\/p><\/div>\n<\/div>\n\n\n\n<div class=\"wp-block-uagb-container uagb-block-5d3877ac\">\n<div class=\"wp-block-uagb-image alignleft uagb-block-906b8e18 wp-block-uagb-image--layout-default wp-block-uagb-image--effect-static wp-block-uagb-image--align-left\"><figure class=\"wp-block-uagb-image__figure\"><img decoding=\"async\" srcset=\"https:\/\/alandachef.com\/wp-content\/uploads\/2025\/02\/catering-1.jpg ,https:\/\/alandachef.com\/wp-content\/uploads\/2025\/02\/catering-1.jpg 780w, https:\/\/alandachef.com\/wp-content\/uploads\/2025\/02\/catering-1.jpg 360w\" sizes=\"auto, (max-width: 480px) 150px\" src=\"https:\/\/alandachef.com\/wp-content\/uploads\/2025\/02\/catering-1.jpg\" alt=\"\" class=\"uag-image-1661\" width=\"600\" height=\"400\" title=\"catering (1)\" loading=\"lazy\" role=\"img\"><\/figure><\/div>\n\n\n\n<div class=\"wp-block-uagb-advanced-heading uagb-block-6a1fdc68\"><h3 class=\"uagb-heading-text\">Tapahtuma Catering<\/h3><p class=\"uagb-desc-text\">Korosta tapahtumaasi r\u00e4\u00e4t\u00e4l\u00f6idyill\u00e4 menuilla, jotka ovat saaneet inspiraationsa andalusialaisesta ja kansainv\u00e4lisest\u00e4 keitti\u00f6st\u00e4 ja jotka on suunniteltu tekem\u00e4\u00e4n vaikutuksen ja ilahduttamaan vieraitasi.<\/p><\/div>\n<\/div>\n<\/div>\n<\/div><\/div>\n\n<div class=\"wp-block-uagb-container uagb-block-e75a8bc7 alignfull uagb-is-root-container\"><div class=\"uagb-container-inner-blocks-wrap\">\n<div class=\"wp-block-uagb-container uagb-block-6520c632\">\n<div class=\"wp-block-uagb-image alignleft uagb-block-d1572b39 wp-block-uagb-image--layout-default wp-block-uagb-image--effect-static wp-block-uagb-image--align-left\"><figure class=\"wp-block-uagb-image__figure\"><img decoding=\"async\" srcset=\"https:\/\/alandachef.com\/wp-content\/uploads\/2025\/02\/alex-chef.jpg ,https:\/\/alandachef.com\/wp-content\/uploads\/2025\/02\/alex-chef.jpg 780w, https:\/\/alandachef.com\/wp-content\/uploads\/2025\/02\/alex-chef.jpg 360w\" sizes=\"auto, (max-width: 480px) 150px\" src=\"https:\/\/alandachef.com\/wp-content\/uploads\/2025\/02\/alex-chef.jpg\" alt=\"\" class=\"uag-image-1618\" width=\"600\" height=\"450\" title=\"alex-chef\" loading=\"lazy\" role=\"img\"><\/figure><\/div>\n<\/div>\n\n\n\n<div class=\"wp-block-uagb-container uagb-block-bf753efa\">\n<div class=\"wp-block-uagb-advanced-heading uagb-block-8b828414\"><h2 class=\"uagb-heading-text\">Minusta<\/h2><p class=\"uagb-desc-text\">Olen syntynyt Saksassa, mutta kasvanut Andalusiassa, jossa ruoka on el\u00e4m\u00e4ntapa. Olen aina rakastanut ruoanlaittoa, kokeiluja ja hyvien aterioiden jakamista muiden kanssa.<\/p><\/div>\n\n\n\n<div class=\"wp-block-uagb-advanced-heading uagb-block-5c745f98\"><p class=\"uagb-heading-text\">With <strong><em>Alandachef<\/em><\/strong>, I bring that passion to your table\u2014whether it\u2019s a private dinner, an event, or a fun cooking lesson. Simple, fresh, and full of flavor.<\/p><\/div>\n\n\n\n<div class=\"wp-block-uagb-icon-list uagb-block-814139ee\"><div class=\"uagb-icon-list__wrap\">\n<div class=\"wp-block-uagb-icon-list-child uagb-block-765991b7\"><span class=\"uagb-icon-list__source-wrap\"><svg xmlns=\"https:\/\/www.w3.org\/2000\/svg\" viewbox=\"0 0 512 512\"><path d=\"M0 256C0 114.6 114.6 0 256 0C397.4 0 512 114.6 512 256C512 397.4 397.4 512 256 512C114.6 512 0 397.4 0 256zM371.8 211.8C382.7 200.9 382.7 183.1 371.8 172.2C360.9 161.3 343.1 161.3 332.2 172.2L224 280.4L179.8 236.2C168.9 225.3 151.1 225.3 140.2 236.2C129.3 247.1 129.3 264.9 140.2 275.8L204.2 339.8C215.1 350.7 232.9 350.7 243.8 339.8L371.8 211.8z\"><\/path><\/svg><\/span><span class=\"uagb-icon-list__label\">Maailmanlaajuisia makuja, andalusialainen sielu.<\/span><\/div>\n\n\n\n<div class=\"wp-block-uagb-icon-list-child uagb-block-83ca6f36\"><span class=\"uagb-icon-list__source-wrap\"><svg xmlns=\"https:\/\/www.w3.org\/2000\/svg\" viewbox=\"0 0 512 512\"><path d=\"M0 256C0 114.6 114.6 0 256 0C397.4 0 512 114.6 512 256C512 397.4 397.4 512 256 512C114.6 512 0 397.4 0 256zM371.8 211.8C382.7 200.9 382.7 183.1 371.8 172.2C360.9 161.3 343.1 161.3 332.2 172.2L224 280.4L179.8 236.2C168.9 225.3 151.1 225.3 140.2 236.2C129.3 247.1 129.3 264.9 140.2 275.8L204.2 339.8C215.1 350.7 232.9 350.7 243.8 339.8L371.8 211.8z\"><\/path><\/svg><\/span><span class=\"uagb-icon-list__label\">Henkil\u00f6kohtainen ruokailu, unohtumattomia hetki\u00e4.<\/span><\/div>\n\n\n\n<div class=\"wp-block-uagb-icon-list-child uagb-block-7bbbc787\"><span class=\"uagb-icon-list__source-wrap\"><svg xmlns=\"https:\/\/www.w3.org\/2000\/svg\" viewbox=\"0 0 512 512\"><path d=\"M0 256C0 114.6 114.6 0 256 0C397.4 0 512 114.6 512 256C512 397.4 397.4 512 256 512C114.6 512 0 397.4 0 256zM371.8 211.8C382.7 200.9 382.7 183.1 371.8 172.2C360.9 161.3 343.1 161.3 332.2 172.2L224 280.4L179.8 236.2C168.9 225.3 151.1 225.3 140.2 236.2C129.3 247.1 129.3 264.9 140.2 275.8L204.2 339.8C215.1 350.7 232.9 350.7 243.8 339.8L371.8 211.8z\"><\/path><\/svg><\/span><span class=\"uagb-icon-list__label\">Tuoreita raaka-aineita, rohkeita luomuksia.<\/span><\/div>\n<\/div><\/div>\n<\/div>\n<\/div><\/div>\n\n<div class=\"wp-block-uagb-container uagb-block-fd60b051 alignfull uagb-is-root-container\"><div class=\"uagb-container-inner-blocks-wrap\">\n<div class=\"wp-block-uagb-advanced-heading uagb-block-c38288e8\"><h2 class=\"uagb-heading-text\">Joitakin kuvia<\/h2><p class=\"uagb-desc-text\">Tutustu joihinkin viimeaikaisiin tapahtumiini, joissa hyv\u00e4 ruoka kohtaa unohtumattomia hetki\u00e4. Jokainen ruokalaji on valmistettu intohimoisesti ja yksityiskohtiin paneutuen intiimeist\u00e4 illallisista vilkkaisiin kokouksiin. Anna n\u00e4iden tilannekuvien inspiroida seuraavaa ruokailukokemustasi!<\/p><\/div>\n<\/div><\/div>\n\n<div class=\"wp-block-uagb-container uagb-block-d11e5f78 alignfull uagb-is-root-container\">\n<div class=\"wp-block-uagb-container uagb-block-b956750c\">\n<div class=\"wp-block-uagb-container uagb-block-83172235\"><\/div>\n\n\n\n<div class=\"wp-block-uagb-container uagb-block-bb99b00d\">\n<div class=\"wp-block-uagb-container uagb-block-fb11859d\">\n<div class=\"wp-block-uagb-container uagb-block-0717e6b4\"><\/div>\n\n\n\n<div class=\"wp-block-uagb-container uagb-block-e408e87c\"><\/div>\n<\/div>\n\n\n\n<div class=\"wp-block-uagb-container uagb-block-ecdae82e\">\n<div class=\"wp-block-uagb-container uagb-block-dddb967b\"><\/div>\n\n\n\n<div class=\"wp-block-uagb-container uagb-block-6e911678\"><\/div>\n<\/div>\n<\/div>\n<\/div>\n<\/div>\n\n<div class=\"wp-block-uagb-container uagb-block-4f71b1d7 alignfull uagb-is-root-container\"><div class=\"uagb-container-inner-blocks-wrap\">\n<div class=\"wp-block-uagb-advanced-heading uagb-block-e28823c8\"><h2 class=\"uagb-heading-text\">Juhlitaan el\u00e4m\u00e4\u00e4 yhdess\u00e4&#8230;<\/h2><\/div>\n\n\n\n<p>Hyv\u00e4 ruoka tuo ihmiset yhteen ja tekee mist\u00e4 tahansa tilaisuudesta jotain erityist\u00e4. Olipa kyseess\u00e4 sitten romanttinen illallinen, perhejuhla tai juhla yst\u00e4vien kanssa, luon yksil\u00f6llisi\u00e4 ruokalistoja, jotka ovat t\u00e4ynn\u00e4 tuoreita ja rohkeita makuja. Yksityiskokkina huolehdin kaikesta, jotta voit rentoutua, nauttia ja nauttia jokaisesta hetkest\u00e4. Suunnitellaan yhdess\u00e4 t\u00e4ydellinen ruokailukokemus&#8230; ota yhteytt\u00e4 ja katsotaan, mit\u00e4 voimme luoda!<\/p>\n<\/div><\/div>\n\n<div class=\"wp-block-uagb-container uagb-block-2a9574c8 alignfull uagb-is-root-container\"><div class=\"uagb-container-inner-blocks-wrap\">\n<div class=\"wp-block-uagb-info-box uagb-block-871f6ba5 uagb-infobox__content-wrap  uagb-infobox-icon-above-title uagb-infobox-image-valign-top\"><div class=\"uagb-ifb-content\"><div class=\"uagb-ifb-title-wrap\"><h2 class=\"uagb-ifb-title\">Ready to Elevate Your Dining?<\/h2><\/div><p class=\"uagb-ifb-desc\">Contact me now to book our exclusive private chef service and savor the flavors of Andalusia in the comfort of your home.<\/p><div class=\"uagb-ifb-button-wrapper wp-block-button\"><a href=\"\/contact\/\" class=\"uagb-infobox-cta-link wp-block-button__link\" target=\"_self\" rel=\"noopener noreferrer\" onclick=\"return true;\"><span class=\"uagb-inline-editing\">Contact ME<\/span><\/a><\/div><\/div><\/div>\n<\/div><\/div>\n","protected":false},"excerpt":{"rendered":"<p>Nauti Andalusiasta, yksi suupala kerrallaan Maista Andalusian makuja yksityisen kokin yksinoikeudella tarjoaman palvelun avulla. Perinteisist\u00e4 tapaksista nykyaikaisiin gastronomisiin herkkuihin, anna [&hellip;]<\/p>\n","protected":false},"author":1,"featured_media":0,"parent":0,"menu_order":0,"comment_status":"closed","ping_status":"closed","template":"","meta":{"_uag_custom_page_level_css":"","site-sidebar-layout":"default","site-content-layout":"page-builder","ast-site-content-layout":"full-width-container","site-content-style":"unboxed","site-sidebar-style":"unboxed","ast-global-header-display":"","ast-banner-title-visibility":"","ast-main-header-display":"","ast-hfb-above-header-display":"","ast-hfb-below-header-display":"","ast-hfb-mobile-header-display":"","site-post-title":"disabled","ast-breadcrumbs-content":"","ast-featured-img":"","footer-sml-layout":"","theme-transparent-header-meta":"","adv-header-id-meta":"","stick-header-meta":"","header-above-stick-meta":"","header-main-stick-meta":"","header-below-stick-meta":"","astra-migrate-meta-layouts":"default","ast-page-background-enabled":"default","ast-page-background-meta":{"desktop":{"background-color":"var(--ast-global-color-4)","background-image":"","background-repeat":"repeat","background-position":"center center","background-size":"auto","background-attachment":"scroll","background-type":"","background-media":"","overlay-type":"","overlay-color":"","overlay-opacity":"","overlay-gradient":""},"tablet":{"background-color":"","background-image":"","background-repeat":"repeat","background-position":"center center","background-size":"auto","background-attachment":"scroll","background-type":"","background-media":"","overlay-type":"","overlay-color":"","overlay-opacity":"","overlay-gradient":""},"mobile":{"background-color":"","background-image":"","background-repeat":"repeat","background-position":"center center","background-size":"auto","background-attachment":"scroll","background-type":"","background-media":"","overlay-type":"","overlay-color":"","overlay-opacity":"","overlay-gradient":""}},"ast-content-background-meta":{"desktop":{"background-color":"var(--ast-global-color-5)","background-image":"","background-repeat":"repeat","background-position":"center center","background-size":"auto","background-attachment":"scroll","background-type":"","background-media":"","overlay-type":"","overlay-color":"","overlay-opacity":"","overlay-gradient":""},"tablet":{"background-color":"var(--ast-global-color-5)","background-image":"","background-repeat":"repeat","background-position":"center center","background-size":"auto","background-attachment":"scroll","background-type":"","background-media":"","overlay-type":"","overlay-color":"","overlay-opacity":"","overlay-gradient":""},"mobile":{"background-color":"var(--ast-global-color-5)","background-image":"","background-repeat":"repeat","background-position":"center center","background-size":"auto","background-attachment":"scroll","background-type":"","background-media":"","overlay-type":"","overlay-color":"","overlay-opacity":"","overlay-gradient":""}},"footnotes":""},"class_list":["post-1796","page","type-page","status-publish","hentry"],"uagb_featured_image_src":{"full":false,"thumbnail":false,"medium":false,"medium_large":false,"large":false,"1536x1536":false,"2048x2048":false},"uagb_author_info":{"display_name":"lakasydgdtfcc","author_link":"https:\/\/alandachef.com\/fi\/author\/lakasydgdtfcc\/"},"uagb_comment_info":0,"uagb_excerpt":"Nauti Andalusiasta, yksi suupala kerrallaan Maista Andalusian makuja yksityisen kokin yksinoikeudella tarjoaman palvelun avulla. Perinteisist\u00e4 tapaksista nykyaikaisiin gastronomisiin herkkuihin, anna [&hellip;]","_links":{"self":[{"href":"https:\/\/alandachef.com\/fi\/wp-json\/wp\/v2\/pages\/1796","targetHints":{"allow":["GET"]}}],"collection":[{"href":"https:\/\/alandachef.com\/fi\/wp-json\/wp\/v2\/pages"}],"about":[{"href":"https:\/\/alandachef.com\/fi\/wp-json\/wp\/v2\/types\/page"}],"author":[{"embeddable":true,"href":"https:\/\/alandachef.com\/fi\/wp-json\/wp\/v2\/users\/1"}],"replies":[{"embeddable":true,"href":"https:\/\/alandachef.com\/fi\/wp-json\/wp\/v2\/comments?post=1796"}],"version-history":[{"count":1,"href":"https:\/\/alandachef.com\/fi\/wp-json\/wp\/v2\/pages\/1796\/revisions"}],"predecessor-version":[{"id":1797,"href":"https:\/\/alandachef.com\/fi\/wp-json\/wp\/v2\/pages\/1796\/revisions\/1797"}],"wp:attachment":[{"href":"https:\/\/alandachef.com\/fi\/wp-json\/wp\/v2\/media?parent=1796"}],"curies":[{"name":"wp","href":"https:\/\/api.w.org\/{rel}","templated":true}]}}