{"id":1802,"date":"2024-05-02T20:35:55","date_gmt":"2024-05-02T20:35:55","guid":{"rendered":"https:\/\/alandachef.com\/palvelut\/"},"modified":"2025-02-19T15:00:34","modified_gmt":"2025-02-19T15:00:34","slug":"palvelut","status":"publish","type":"page","link":"https:\/\/alandachef.com\/fi\/palvelut\/","title":{"rendered":"Palvelut"},"content":{"rendered":"\n<div class=\"wp-block-uagb-container uagb-block-4ff1178c alignfull uagb-is-root-container\"><div class=\"uagb-container-inner-blocks-wrap\">\n<div class=\"wp-block-uagb-advanced-heading uagb-block-cd6d7bc4\"><h1 class=\"uagb-heading-text\">Mit\u00e4 voin tehd\u00e4 puolestasi?<\/h1><\/div>\n<\/div><\/div>\n\n<div class=\"wp-block-uagb-container uagb-block-fd4a3053 alignfull uagb-is-root-container\"><div class=\"uagb-container-inner-blocks-wrap\">\n<div class=\"wp-block-uagb-advanced-heading uagb-block-1d54974c\"><h2 class=\"uagb-heading-text\">Palvelut<\/h2><\/div>\n\n\n\n<p>Luon unohtumattomia ruokailukokemuksia, jotka on r\u00e4\u00e4t\u00e4l\u00f6ity juuri sinulle. Halusitpa sitten yksityiskokin erikoisillalliselle, pitopalvelun tapahtumaan tai hauskan ruoanlaittotunnin, tuon jokaiseen ateriaan tuoreita raaka-aineita, rohkeita makuja ja henkil\u00f6kohtaisen kosketuksen. Tehd\u00e4\u00e4n jotain herkullista yhdess\u00e4!  <\/p>\n\n\n\n<div class=\"wp-block-uagb-container uagb-block-6dfd2085\">\n<div class=\"wp-block-uagb-container uagb-block-688f5efc\">\n<div class=\"wp-block-uagb-image alignleft uagb-block-86653dc4 wp-block-uagb-image--layout-default wp-block-uagb-image--effect-static wp-block-uagb-image--align-left\"><figure class=\"wp-block-uagb-image__figure\"><img decoding=\"async\" srcset=\"https:\/\/alandachef.com\/wp-content\/uploads\/2024\/05\/private-dinning-1024x576.jpeg ,https:\/\/alandachef.com\/wp-content\/uploads\/2024\/05\/private-dinning.jpeg 780w, https:\/\/alandachef.com\/wp-content\/uploads\/2024\/05\/private-dinning.jpeg 360w\" sizes=\"auto, (max-width: 480px) 150px\" src=\"https:\/\/alandachef.com\/wp-content\/uploads\/2024\/05\/private-dinning-1024x576.jpeg\" alt=\"\" class=\"uag-image-1581\" width=\"600\" height=\"350\" title=\"yksityinen ruokailu\" loading=\"lazy\" role=\"img\"><\/figure><\/div>\n\n\n\n<div class=\"wp-block-uagb-advanced-heading uagb-block-a9628216\"><h2 class=\"uagb-heading-text\">Yksityinen ruokailu<\/h2><p class=\"uagb-desc-text\">Tuon ravintolakokemuksen kotiisi, ja laadin juuri sinulle sopivan ruokalistan. Olipa kyseess\u00e4 sitten romanttinen illallinen, perhejuhla tai erityinen juhla, huolehdin kaikesta, jotta voit rentoutua ja nauttia jokaisesta suupalasta. <\/p><\/div>\n<\/div>\n\n\n\n<div class=\"wp-block-uagb-container uagb-block-bcecf630\">\n<div class=\"wp-block-uagb-image alignleft uagb-block-2fdd2037 wp-block-uagb-image--layout-default wp-block-uagb-image--effect-static wp-block-uagb-image--align-left\"><figure class=\"wp-block-uagb-image__figure\"><img decoding=\"async\" srcset=\"https:\/\/alandachef.com\/wp-content\/uploads\/2024\/05\/cooking-classes.jpeg ,https:\/\/alandachef.com\/wp-content\/uploads\/2024\/05\/cooking-classes.jpeg 780w, https:\/\/alandachef.com\/wp-content\/uploads\/2024\/05\/cooking-classes.jpeg 360w\" sizes=\"auto, (max-width: 480px) 150px\" src=\"https:\/\/alandachef.com\/wp-content\/uploads\/2024\/05\/cooking-classes.jpeg\" alt=\"\" class=\"uag-image-1586\" width=\"600\" height=\"350\" title=\"ruoanlaittoluokat\" loading=\"lazy\" role=\"img\"><\/figure><\/div>\n\n\n\n<div class=\"wp-block-uagb-advanced-heading uagb-block-3a66f6da\"><h2 class=\"uagb-heading-text\">Ruoanlaittokurssit<\/h2><p class=\"uagb-desc-text\">Haluatko oppia kokkaamaan kuin ammattilainen? Opastan sinut prosessin l\u00e4pi askel askeleelta, olipa kyse sitten tapakeitti\u00f6n hallitsemisesta, paellan t\u00e4ydellist\u00e4misest\u00e4 tai vain itsevarmuuden kasvattamisesta keitti\u00f6ss\u00e4. Ei stressi\u00e4, vain hyv\u00e4\u00e4 ruokaa ja hauskaa!  <\/p><\/div>\n<\/div>\n\n\n\n<div class=\"wp-block-uagb-container uagb-block-9ece309e\">\n<div class=\"wp-block-uagb-image alignleft uagb-block-4271067e wp-block-uagb-image--layout-default wp-block-uagb-image--effect-static wp-block-uagb-image--align-left\"><figure class=\"wp-block-uagb-image__figure\"><img decoding=\"async\" srcset=\"https:\/\/alandachef.com\/wp-content\/uploads\/2024\/05\/event-catering.jpeg ,https:\/\/alandachef.com\/wp-content\/uploads\/2024\/05\/event-catering.jpeg 780w, https:\/\/alandachef.com\/wp-content\/uploads\/2024\/05\/event-catering.jpeg 360w\" sizes=\"auto, (max-width: 480px) 150px\" src=\"https:\/\/alandachef.com\/wp-content\/uploads\/2024\/05\/event-catering.jpeg\" alt=\"\" class=\"uag-image-1585\" width=\"600\" height=\"350\" title=\"Cook,In,Esiliina,Lis\u00e4\u00e4minen,Some,Kastike,To,Dish.,Cropped,Chef\" loading=\"lazy\" role=\"img\"><\/figure><\/div>\n\n\n\n<div class=\"wp-block-uagb-advanced-heading uagb-block-4afb6a4c\"><h2 class=\"uagb-heading-text\">Tapahtuma Catering<\/h2><p class=\"uagb-desc-text\">Luon ruokalistat intiimeist\u00e4 tilaisuuksista suuriin juhliin, jotka sopivat tapahtumasi tunnelmaan. Tuoreet raaka-aineet, rohkeat maut ja henkil\u00f6kohtainen ote, jotta sin\u00e4 ja vieraasi voitte keskitty\u00e4 muistojen luomiseen. <\/p><\/div>\n<\/div>\n\n\n\n<div class=\"wp-block-uagb-container uagb-block-14bfbaa4\">\n<div class=\"wp-block-uagb-image alignleft uagb-block-dc1134e2 wp-block-uagb-image--layout-default wp-block-uagb-image--effect-static wp-block-uagb-image--align-left\"><figure class=\"wp-block-uagb-image__figure\"><img decoding=\"async\" srcset=\"https:\/\/alandachef.com\/wp-content\/uploads\/2024\/05\/chef.jpeg ,https:\/\/alandachef.com\/wp-content\/uploads\/2024\/05\/chef.jpeg 780w, https:\/\/alandachef.com\/wp-content\/uploads\/2024\/05\/chef.jpeg 360w\" sizes=\"auto, (max-width: 480px) 150px\" src=\"https:\/\/alandachef.com\/wp-content\/uploads\/2024\/05\/chef.jpeg\" alt=\"\" class=\"uag-image-1583\" width=\"600\" height=\"350\" title=\"kokki\" loading=\"lazy\" role=\"img\"><\/figure><\/div>\n\n\n\n<div class=\"wp-block-uagb-advanced-heading uagb-block-f707ce13\"><h2 class=\"uagb-heading-text\">Menu Konsultointi<\/h2><p class=\"uagb-desc-text\">Tarvitsetko apua t\u00e4ydellisen ruokalistan suunnittelussa? Olipa kyse ravintolasta, tapahtumasta tai vain kotiruoan p\u00e4ivitt\u00e4misest\u00e4, autan sinua luomaan ruokia, jotka ovat tasapainoisia, maukkaita ja sopivat juuri siihen, mit\u00e4 etsit. <\/p><\/div>\n<\/div>\n<\/div>\n<\/div><\/div>\n\n<div class=\"wp-block-uagb-container uagb-block-2a9574c8 alignfull uagb-is-root-container\"><div class=\"uagb-container-inner-blocks-wrap\">\n<div class=\"wp-block-uagb-info-box uagb-block-871f6ba5 uagb-infobox__content-wrap  uagb-infobox-icon-above-title uagb-infobox-image-valign-top\"><div class=\"uagb-ifb-content\"><div class=\"uagb-ifb-title-wrap\"><h2 class=\"uagb-ifb-title\">Ready to Elevate Your Dining?<\/h2><\/div><p class=\"uagb-ifb-desc\">Contact me now to book our exclusive private chef service and savor the flavors of Andalusia in the comfort of your home.<\/p><div class=\"uagb-ifb-button-wrapper wp-block-button\"><a href=\"\/contact\/\" class=\"uagb-infobox-cta-link wp-block-button__link\" target=\"_self\" rel=\"noopener noreferrer\" onclick=\"return true;\"><span class=\"uagb-inline-editing\">Contact ME<\/span><\/a><\/div><\/div><\/div>\n<\/div><\/div>\n","protected":false},"excerpt":{"rendered":"<p>Mit\u00e4 voin tehd\u00e4 puolestasi? Palvelut Luon unohtumattomia ruokailukokemuksia, jotka on r\u00e4\u00e4t\u00e4l\u00f6ity juuri sinulle. Halusitpa sitten yksityiskokin erikoisillalliselle, pitopalvelun tapahtumaan tai [&hellip;]<\/p>\n","protected":false},"author":1,"featured_media":0,"parent":0,"menu_order":0,"comment_status":"closed","ping_status":"closed","template":"","meta":{"_uag_custom_page_level_css":"","site-sidebar-layout":"default","site-content-layout":"","ast-site-content-layout":"default","site-content-style":"default","site-sidebar-style":"default","ast-global-header-display":"","ast-banner-title-visibility":"","ast-main-header-display":"","ast-hfb-above-header-display":"","ast-hfb-below-header-display":"","ast-hfb-mobile-header-display":"","site-post-title":"disabled","ast-breadcrumbs-content":"","ast-featured-img":"","footer-sml-layout":"","theme-transparent-header-meta":"","adv-header-id-meta":"","stick-header-meta":"","header-above-stick-meta":"","header-main-stick-meta":"","header-below-stick-meta":"","astra-migrate-meta-layouts":"default","ast-page-background-enabled":"default","ast-page-background-meta":{"desktop":{"background-color":"var(--ast-global-color-4)","background-image":"","background-repeat":"repeat","background-position":"center center","background-size":"auto","background-attachment":"scroll","background-type":"","background-media":"","overlay-type":"","overlay-color":"","overlay-opacity":"","overlay-gradient":""},"tablet":{"background-color":"","background-image":"","background-repeat":"repeat","background-position":"center center","background-size":"auto","background-attachment":"scroll","background-type":"","background-media":"","overlay-type":"","overlay-color":"","overlay-opacity":"","overlay-gradient":""},"mobile":{"background-color":"","background-image":"","background-repeat":"repeat","background-position":"center center","background-size":"auto","background-attachment":"scroll","background-type":"","background-media":"","overlay-type":"","overlay-color":"","overlay-opacity":"","overlay-gradient":""}},"ast-content-background-meta":{"desktop":{"background-color":"var(--ast-global-color-5)","background-image":"","background-repeat":"repeat","background-position":"center center","background-size":"auto","background-attachment":"scroll","background-type":"","background-media":"","overlay-type":"","overlay-color":"","overlay-opacity":"","overlay-gradient":""},"tablet":{"background-color":"var(--ast-global-color-5)","background-image":"","background-repeat":"repeat","background-position":"center center","background-size":"auto","background-attachment":"scroll","background-type":"","background-media":"","overlay-type":"","overlay-color":"","overlay-opacity":"","overlay-gradient":""},"mobile":{"background-color":"var(--ast-global-color-5)","background-image":"","background-repeat":"repeat","background-position":"center center","background-size":"auto","background-attachment":"scroll","background-type":"","background-media":"","overlay-type":"","overlay-color":"","overlay-opacity":"","overlay-gradient":""}},"footnotes":""},"class_list":["post-1802","page","type-page","status-publish","hentry"],"uagb_featured_image_src":{"full":false,"thumbnail":false,"medium":false,"medium_large":false,"large":false,"1536x1536":false,"2048x2048":false},"uagb_author_info":{"display_name":"lakasydgdtfcc","author_link":"https:\/\/alandachef.com\/fi\/author\/lakasydgdtfcc\/"},"uagb_comment_info":0,"uagb_excerpt":"Mit\u00e4 voin tehd\u00e4 puolestasi? Palvelut Luon unohtumattomia ruokailukokemuksia, jotka on r\u00e4\u00e4t\u00e4l\u00f6ity juuri sinulle. Halusitpa sitten yksityiskokin erikoisillalliselle, pitopalvelun tapahtumaan tai [&hellip;]","_links":{"self":[{"href":"https:\/\/alandachef.com\/fi\/wp-json\/wp\/v2\/pages\/1802","targetHints":{"allow":["GET"]}}],"collection":[{"href":"https:\/\/alandachef.com\/fi\/wp-json\/wp\/v2\/pages"}],"about":[{"href":"https:\/\/alandachef.com\/fi\/wp-json\/wp\/v2\/types\/page"}],"author":[{"embeddable":true,"href":"https:\/\/alandachef.com\/fi\/wp-json\/wp\/v2\/users\/1"}],"replies":[{"embeddable":true,"href":"https:\/\/alandachef.com\/fi\/wp-json\/wp\/v2\/comments?post=1802"}],"version-history":[{"count":1,"href":"https:\/\/alandachef.com\/fi\/wp-json\/wp\/v2\/pages\/1802\/revisions"}],"predecessor-version":[{"id":1803,"href":"https:\/\/alandachef.com\/fi\/wp-json\/wp\/v2\/pages\/1802\/revisions\/1803"}],"wp:attachment":[{"href":"https:\/\/alandachef.com\/fi\/wp-json\/wp\/v2\/media?parent=1802"}],"curies":[{"name":"wp","href":"https:\/\/api.w.org\/{rel}","templated":true}]}}