{"id":1810,"date":"2024-05-02T20:35:56","date_gmt":"2024-05-02T20:35:56","guid":{"rendered":"https:\/\/alandachef.com\/ota-yhteytta\/"},"modified":"2025-02-19T15:00:45","modified_gmt":"2025-02-19T15:00:45","slug":"ota-yhteytta","status":"publish","type":"page","link":"https:\/\/alandachef.com\/fi\/ota-yhteytta\/","title":{"rendered":"Ota yhteytt\u00e4"},"content":{"rendered":"\n<div class=\"wp-block-uagb-container uagb-block-b3b595c1 alignfull uagb-is-root-container\"><div class=\"uagb-container-inner-blocks-wrap\">\n<div class=\"wp-block-uagb-advanced-heading uagb-block-3d5ecf12\"><h1 class=\"uagb-heading-text\">Ota yhteytt\u00e4<\/h1><\/div>\n<\/div><\/div>\n\n<div class=\"wp-block-uagb-container uagb-block-d26d652b alignfull uagb-is-root-container\"><div class=\"uagb-container-inner-blocks-wrap\">\n<div class=\"wp-block-uagb-container uagb-block-175b72e5\">\n<div class=\"wp-block-uagb-advanced-heading uagb-block-1be58d00\"><h2 class=\"uagb-heading-text\">Ota minuun yhteytt\u00e4 t\u00e4n\u00e4\u00e4n<\/h2><\/div>\n\n\n\n<div class=\"wp-block-uagb-advanced-heading uagb-block-2431208e\"><div class=\"uagb-heading-text\">Phone<\/div><p class=\"uagb-desc-text\">+34   644 917 039<\/p><\/div>\n\n\n\n<div class=\"wp-block-uagb-advanced-heading uagb-block-6b42c5f7\"><div class=\"uagb-heading-text\">Email<\/div><p class=\"uagb-desc-text\">contacto@alandachef.com<\/p><\/div>\n\n\n\n<div class=\"wp-block-uagb-advanced-heading uagb-block-0d1775a9\"><div class=\"uagb-heading-text\">Social<\/div><\/div>\n\n\n\n<div class=\"wp-block-uagb-icon-list uagb-block-56be80bc\"><div class=\"uagb-icon-list__wrap\">\n<div class=\"wp-block-uagb-icon-list-child uagb-block-4318f91e\"><a target=\"_blank\" aria-label=\"List item\" rel=\"noopener noreferrer\" href=\"https:\/\/instagram.com\/alandachef\"> <\/a><span class=\"uagb-icon-list__source-wrap\"><svg xmlns=\"https:\/\/www.w3.org\/2000\/svg\" viewbox=\"0 0 448 512\"><path d=\"M224.1 141c-63.6 0-114.9 51.3-114.9 114.9s51.3 114.9 114.9 114.9S339 319.5 339 255.9 287.7 141 224.1 141zm0 189.6c-41.1 0-74.7-33.5-74.7-74.7s33.5-74.7 74.7-74.7 74.7 33.5 74.7 74.7-33.6 74.7-74.7 74.7zm146.4-194.3c0 14.9-12 26.8-26.8 26.8-14.9 0-26.8-12-26.8-26.8s12-26.8 26.8-26.8 26.8 12 26.8 26.8zm76.1 27.2c-1.7-35.9-9.9-67.7-36.2-93.9-26.2-26.2-58-34.4-93.9-36.2-37-2.1-147.9-2.1-184.9 0-35.8 1.7-67.6 9.9-93.9 36.1s-34.4 58-36.2 93.9c-2.1 37-2.1 147.9 0 184.9 1.7 35.9 9.9 67.7 36.2 93.9s58 34.4 93.9 36.2c37 2.1 147.9 2.1 184.9 0 35.9-1.7 67.7-9.9 93.9-36.2 26.2-26.2 34.4-58 36.2-93.9 2.1-37 2.1-147.8 0-184.8zM398.8 388c-7.8 19.6-22.9 34.7-42.6 42.6-29.5 11.7-99.5 9-132.1 9s-102.7 2.6-132.1-9c-19.6-7.8-34.7-22.9-42.6-42.6-11.7-29.5-9-99.5-9-132.1s-2.6-102.7 9-132.1c7.8-19.6 22.9-34.7 42.6-42.6 29.5-11.7 99.5-9 132.1-9s102.7-2.6 132.1 9c19.6 7.8 34.7 22.9 42.6 42.6 11.7 29.5 9 99.5 9 132.1s2.7 102.7-9 132.1z\"><\/path><\/svg><\/span><\/div>\n\n\n\n<div class=\"wp-block-uagb-icon-list-child uagb-block-052b9c5b\"><a target=\"_blank\" aria-label=\"\" rel=\"noopener noreferrer\" href=\"https:\/\/wa.me\/34644917039\"> <\/a><span class=\"uagb-icon-list__source-wrap\"><svg xmlns=\"https:\/\/www.w3.org\/2000\/svg\" viewbox=\"0 0 448 512\"><path d=\"M380.9 97.1C339 55.1 283.2 32 223.9 32c-122.4 0-222 99.6-222 222 0 39.1 10.2 77.3 29.6 111L0 480l117.7-30.9c32.4 17.7 68.9 27 106.1 27h.1c122.3 0 224.1-99.6 224.1-222 0-59.3-25.2-115-67.1-157zm-157 341.6c-33.2 0-65.7-8.9-94-25.7l-6.7-4-69.8 18.3L72 359.2l-4.4-7c-18.5-29.4-28.2-63.3-28.2-98.2 0-101.7 82.8-184.5 184.6-184.5 49.3 0 95.6 19.2 130.4 54.1 34.8 34.9 56.2 81.2 56.1 130.5 0 101.8-84.9 184.6-186.6 184.6zm101.2-138.2c-5.5-2.8-32.8-16.2-37.9-18-5.1-1.9-8.8-2.8-12.5 2.8-3.7 5.6-14.3 18-17.6 21.8-3.2 3.7-6.5 4.2-12 1.4-32.6-16.3-54-29.1-75.5-66-5.7-9.8 5.7-9.1 16.3-30.3 1.8-3.7 .9-6.9-.5-9.7-1.4-2.8-12.5-30.1-17.1-41.2-4.5-10.8-9.1-9.3-12.5-9.5-3.2-.2-6.9-.2-10.6-.2-3.7 0-9.7 1.4-14.8 6.9-5.1 5.6-19.4 19-19.4 46.3 0 27.3 19.9 53.7 22.6 57.4 2.8 3.7 39.1 59.7 94.8 83.8 35.2 15.2 49 16.5 66.6 13.9 10.7-1.6 32.8-13.4 37.4-26.4 4.6-13 4.6-24.1 3.2-26.4-1.3-2.5-5-3.9-10.5-6.6z\"><\/path><\/svg><\/span><\/div>\n\n\n\n<div class=\"wp-block-uagb-icon-list-child uagb-block-2764303f\"><a target=\"_self\" aria-label=\"\" rel=\"noopener noreferrer\" href=\"https:\/\/www.facebook.com\/Alandachef\/\"> <\/a><span class=\"uagb-icon-list__source-wrap\"><svg xmlns=\"https:\/\/www.w3.org\/2000\/svg\" viewbox=\"0 0 512 512\"><path d=\"M504 256C504 119 393 8 256 8S8 119 8 256c0 123.8 90.69 226.4 209.3 245V327.7h-63V256h63v-54.64c0-62.15 37-96.48 93.67-96.48 27.14 0 55.52 4.84 55.52 4.84v61h-31.28c-30.8 0-40.41 19.12-40.41 38.73V256h68.78l-11 71.69h-57.78V501C413.3 482.4 504 379.8 504 256z\"><\/path><\/svg><\/span><\/div>\n<\/div><\/div>\n<\/div>\n\n\n\n<div class=\"wp-block-uagb-container uagb-block-26cae8a6\">\n<div class=\"wp-block-uagb-forms uagb-forms__outer-wrap uagb-block-68ec3041 uagb-forms__medium-btn\"><form class=\"uagb-forms-main-form\" method=\"post\" autocomplete=\"on\" name=\"uagb-form-68ec3041\">\n<div class=\"wp-block-uagb-forms-name uagb-forms-name-wrap uagb-forms-field-set uagb-block-9f3ec630\"><div class=\"uagb-forms-name-label required uagb-forms-input-label\" id=\"9f3ec630\">Nimi<\/div><input type=\"text\" placeholder=\"\" required=\"\" class=\"uagb-forms-name-input uagb-forms-input\" name=\"9f3ec630\" autocomplete=\"off\"><\/div>\n\n\n\n<div class=\"wp-block-uagb-forms-phone uagb-forms-phone-wrap uagb-forms-field-set uagb-block-4e3b0a7f\"><div class=\"uagb-forms-phone-label required uagb-forms-input-label\" id=\"4e3b0a7f\">Puhelin<\/div><div class=\"uagb-forms-phone-flex\"><select class=\"uagb-forms-input uagb-form-phone-country\" id=\"uagb-form-country-4e3b0a7f\" name=\"Phone[]\"><option value=\"+44\" selected>YHDISTYNYT KUNINGASKUNTA (+44)<\/option><option value=\"+1\">Yhdysvallat \/ Kanada (+1)<\/option><option value=\"+213\">Algeria (+213)<\/option><option value=\"+376\">Andorra (+376)<\/option><option value=\"+244\">Angola (+244)<\/option><option value=\"+1264\">Anguilla (+1264)<\/option><option value=\"+1268\">Antigua ja Barbuda (+1268)<\/option><option value=\"+54\">Argentiina (+54)<\/option><option value=\"+374\">Armenia (+374)<\/option><option value=\"+297\">Aruba (+297)<\/option><option value=\"+61\">Australia (+61)<\/option><option value=\"+43\">It\u00e4valta (+43)<\/option><option value=\"+994\">Azerbaid\u017ean (+994)<\/option><option value=\"+1242\">Bahama (+1242)<\/option><option value=\"+973\">Bahrain (+973)<\/option><option value=\"+880\">Bangladesh (+880)<\/option><option value=\"+1246\">Barbados (+1246)<\/option><option value=\"+375\">Valko-Ven\u00e4j\u00e4 (+375)<\/option><option value=\"+32\">Belgia (+32)<\/option><option value=\"+501\">Belize (+501)<\/option><option value=\"+229\">Benin (+229)<\/option><option value=\"+1441\">Bermuda (+1441)<\/option><option value=\"+975\">Bhutan (+975)<\/option><option value=\"+591\">Bolivia (+591)<\/option><option value=\"+387\">Bosnia ja Hertsegovina (+387)<\/option><option value=\"+267\">Botswana (+267)<\/option><option value=\"+55\">Brasilia (+55)<\/option><option value=\"+673\">Brunei (+673)<\/option><option value=\"+359\">Bulgaria (+359)<\/option><option value=\"+226\">Burkina Faso (+226)<\/option><option value=\"+257\">Burundi (+257)<\/option><option value=\"+855\">Kambod\u017ea (+855)<\/option><option value=\"+237\">Kamerun (+237)<\/option><option value=\"+238\">Kap Verden saaret (+238)<\/option><option value=\"+1345\">Caymansaaret (+1345)<\/option><option value=\"+236\">Keski-Afrikan tasavalta (+236)<\/option><option value=\"+56\">Chile (+56)<\/option><option value=\"+86\">Kiina (+86)<\/option><option value=\"+57\">Kolumbia (+57)<\/option><option value=\"+269\">Komorit (+269)<\/option><option value=\"+242\">Kongo (+242)<\/option><option value=\"+682\">Cookinsaaret (+682)<\/option><option value=\"+506\">Costa Rica (+506)<\/option><option value=\"+385\">Kroatia (+385)<\/option><option value=\"+53\">Kuuba (+53)<\/option><option value=\"+90392\">Kyproksen pohjoisosa (+90392)<\/option><option value=\"+357\">Kypros Etel\u00e4 (+357)<\/option><option value=\"+420\">T\u0161ekin tasavalta (+420)<\/option><option value=\"+45\">Tanska (+45)<\/option><option value=\"+253\">Djibouti (+253)<\/option><option value=\"+1809\">Dominica (+1809)<\/option><option value=\"+1809\">Dominikaaninen tasavalta (+1809)<\/option><option value=\"+593\">Ecuador (+593)<\/option><option value=\"+20\">Egypti (+20)<\/option><option value=\"+503\">El Salvador (+503)<\/option><option value=\"+240\">P\u00e4iv\u00e4ntasaajan Guinea (+240)<\/option><option value=\"+291\">Eritrea (+291)<\/option><option value=\"+372\">Viro (+372)<\/option><option value=\"+251\">Etiopia (+251)<\/option><option value=\"+500\">Falklandinsaaret (+500)<\/option><option value=\"+298\">F\u00e4rsaaret (+298)<\/option><option value=\"+679\">Fid\u017ei (+679)<\/option><option value=\"+358\">Suomi (+358)<\/option><option value=\"+33\">Ranska (+33)<\/option><option value=\"+594\">Ranskan Guayana (+594)<\/option><option value=\"+689\">Ranskan Polynesia (+689)<\/option><option value=\"+241\">Gabon (+241)<\/option><option value=\"+220\">Gambia (+220)<\/option><option value=\"+7880\">Georgia (+7880)<\/option><option value=\"+49\">Saksa (+49)<\/option><option value=\"+233\">Ghana (+233)<\/option><option value=\"+350\">Gibraltar (+350)<\/option><option value=\"+30\">Kreikka (+30)<\/option><option value=\"+299\">Gr\u00f6nlanti (+299)<\/option><option value=\"+1473\">Grenada (+1473)<\/option><option value=\"+590\">Guadeloupe (+590)<\/option><option value=\"+671\">Guam (+671)<\/option><option value=\"+502\">Guatemala (+502)<\/option><option value=\"+224\">Guinea (+224)<\/option><option value=\"+245\">Guinea &#8211; Bissau (+245)<\/option><option value=\"+592\">Guyana (+592)<\/option><option value=\"+509\">Haiti (+509)<\/option><option value=\"+504\">Honduras (+504)<\/option><option value=\"+852\">Hongkong (+852)<\/option><option value=\"+36\">Unkari (+36)<\/option><option value=\"+354\">Islanti (+354)<\/option><option value=\"+91\">Intia (+91)<\/option><option value=\"+62\">Indonesia (+62)<\/option><option value=\"+98\">Iran (+98)<\/option><option value=\"+964\">Irak (+964)<\/option><option value=\"+353\">Irlanti (+353)<\/option><option value=\"+972\">Israel (+972)<\/option><option value=\"+39\">Italia (+39)<\/option><option value=\"+1876\">Jamaika (+1876)<\/option><option value=\"+81\">Japani (+81)<\/option><option value=\"+962\">Jordania (+962)<\/option><option value=\"+7\">Kazakstan (+7)<\/option><option value=\"+254\">Kenia (+254)<\/option><option value=\"+686\">Kiribati (+686)<\/option><option value=\"+850\">Pohjois-Korea (+850)<\/option><option value=\"+82\">Etel\u00e4-Korea (+82)<\/option><option value=\"+965\">Kuwait (+965)<\/option><option value=\"+996\">Kirgisia (+996)<\/option><option value=\"+856\">Laos (+856)<\/option><option value=\"+371\">Latvia (+371)<\/option><option value=\"+961\">Libanon (+961)<\/option><option value=\"+266\">Lesotho (+266)<\/option><option value=\"+231\">Liberia (+231)<\/option><option value=\"+218\">Libya (+218)<\/option><option value=\"+417\">Liechtenstein (+417)<\/option><option value=\"+370\">Liettua (+370)<\/option><option value=\"+352\">Luxemburg (+352)<\/option><option value=\"+853\">Macao (+853)<\/option><option value=\"+389\">Makedonia (+389)<\/option><option value=\"+261\">Madagaskar (+261)<\/option><option value=\"+265\">Malawi (+265)<\/option><option value=\"+60\">Malesia (+60)<\/option><option value=\"+960\">Malediivit (+960)<\/option><option value=\"+223\">Mali (+223)<\/option><option value=\"+356\">Malta (+356)<\/option><option value=\"+692\">Marshallinsaaret (+692)<\/option><option value=\"+596\">Martinique (+596)<\/option><option value=\"+222\">Mauritania (+222)<\/option><option value=\"+269\">Mayotte (+269)<\/option><option value=\"+52\">Meksiko (+52)<\/option><option value=\"+691\">Mikronesia (+691)<\/option><option value=\"+373\">Moldova (+373)<\/option><option value=\"+377\">Monaco (+377)<\/option><option value=\"+976\">Mongolia (+976)<\/option><option value=\"+1664\">Montserrat (+1664)<\/option><option value=\"+212\">Marokko (+212)<\/option><option value=\"+258\">Mosambik (+258)<\/option><option value=\"+95\">Myanmar (+95)<\/option><option value=\"+264\">Namibia (+264)<\/option><option value=\"+674\">Nauru (+674)<\/option><option value=\"+977\">Nepal (+977)<\/option><option value=\"+31\">Alankomaat (+31)<\/option><option value=\"+687\">Uusi-Kaledonia (+687)<\/option><option value=\"+64\">Uusi-Seelanti (+64)<\/option><option value=\"+505\">Nicaragua (+505)<\/option><option value=\"+227\">Niger (+227)<\/option><option value=\"+234\">Nigeria (+234)<\/option><option value=\"+683\">Niue (+683)<\/option><option value=\"+672\">Norfolkin saaret (+672)<\/option><option value=\"+670\">Pohjois-Mariaanit (+670)<\/option><option value=\"+47\">Norja (+47)<\/option><option value=\"+968\">Oman (+968)<\/option><option value=\"+680\">Palau (+680)<\/option><option value=\"+507\">Panama (+507)<\/option><option value=\"+675\">Papua-Uusi-Guinea (+675)<\/option><option value=\"+595\">Paraguay (+595)<\/option><option value=\"+51\">Peru (+51)<\/option><option value=\"+63\">Filippiinit (+63)<\/option><option value=\"+48\">Puola (+48)<\/option><option value=\"+351\">Portugali (+351)<\/option><option value=\"+1787\">Puerto Rico (+1787)<\/option><option value=\"+974\">Qatar (+974)<\/option><option value=\"+262\">j\u00e4lleenn\u00e4keminen (+262)<\/option><option value=\"+40\">Romania (+40)<\/option><option value=\"+7\">Ven\u00e4j\u00e4 (+7)<\/option><option value=\"+250\">Ruanda (+250)<\/option><option value=\"+378\">San Marino (+378)<\/option><option value=\"+239\">S\u00e3o Tom\u00e9 ja Pr\u00edncipe (+239)<\/option><option value=\"+966\">Saudi-Arabia (+966)<\/option><option value=\"+221\">Senegal (+221)<\/option><option value=\"+381\">Serbia (+381)<\/option><option value=\"+248\">Seychellit (+248)<\/option><option value=\"+232\">Sierra Leone (+232)<\/option><option value=\"+65\">Singapore (+65)<\/option><option value=\"+421\">Slovakian tasavalta (+421)<\/option><option value=\"+386\">Slovenia (+386)<\/option><option value=\"+677\">Salomonsaaret (+677)<\/option><option value=\"+252\">Somalia (+252)<\/option><option value=\"+27\">Etel\u00e4-Afrikka (+27)<\/option><option value=\"+34\">Espanja (+34)<\/option><option value=\"+94\">Sri Lanka (+94)<\/option><option value=\"+290\">Pyh\u00e4 Helena (+290)<\/option><option value=\"+1869\">St. Kitts (+1869)<\/option><option value=\"+1758\">Pyh\u00e4 Lucia (+1758)<\/option><option value=\"+249\">Sudan (+249)<\/option><option value=\"+597\">Suriname (+597)<\/option><option value=\"+268\">Swazimaa (+268)<\/option><option value=\"+46\">Ruotsi (+46)<\/option><option value=\"+41\">Sveitsi (+41)<\/option><option value=\"+963\">Syyria (+963)<\/option><option value=\"+886\">Taiwan (+886)<\/option><option value=\"+7\">Tad\u017eikistan (+7)<\/option><option value=\"+66\">Thaimaa (+66)<\/option><option value=\"+228\">Togo (+228)<\/option><option value=\"+676\">Tonga (+676)<\/option><option value=\"+1868\">Trinidad ja Tobago (+1868)<\/option><option value=\"+216\">Tunisia (+216)<\/option><option value=\"+90\">Turkki (+90)<\/option><option value=\"+7\">Turkmenistan (+7)<\/option><option value=\"+993\">Turkmenistan (+993)<\/option><option value=\"+1649\">Turks- ja Caicossaaret (+1649)<\/option><option value=\"+688\">Tuvalu (+688)<\/option><option value=\"+256\">Uganda (+256)<\/option><option value=\"+380\">Ukraina (+380)<\/option><option value=\"+971\">Yhdistyneet arabiemiirikunnat (+971)<\/option><option value=\"+598\">Uruguay (+598)<\/option><option value=\"+7\">Uzbekistan (+7)<\/option><option value=\"+678\">Vanuatu (+678)<\/option><option value=\"+379\">Vatikaani (+379)<\/option><option value=\"+58\">Venezuela (+58)<\/option><option value=\"+84\">Vietnam (+84)<\/option><option value=\"+84\">Neitsytsaaret &#8211; Brittil\u00e4iset (+1284)<\/option><option value=\"+84\">Neitsytsaaret &#8211; Yhdysvallat (+1340)<\/option><option value=\"+681\">Wallis ja Futuna (+681)<\/option><option value=\"+969\">Jemen (pohjoinen)(+969)<\/option><option value=\"+967\">Jemen (Etel\u00e4)(+967)<\/option><option value=\"+260\">Sambia (+260)<\/option><option value=\"+263\">Zimbabwe (+263)<\/option><\/select><input type=\"tel\" required=\"\" class=\"uagb-forms-phone-input uagb-forms-input\" name=\"Phone[]\" autocomplete=\"tel-national\"><\/div><\/div>\n\n\n\n<div class=\"wp-block-uagb-forms-email uagb-forms-email-wrap uagb-forms-field-set uagb-block-e49a9de7\"><div class=\"uagb-forms-email-label required uagb-forms-input-label\" id=\"e49a9de7\">S\u00e4hk\u00f6posti<\/div><input type=\"email\" class=\"uagb-forms-email-input uagb-forms-input\" placeholder=\"\" required=\"\" name=\"e49a9de7\" autocomplete=\"off\"><\/div>\n\n\n\n<div class=\"wp-block-uagb-forms-textarea uagb-forms-textarea-wrap uagb-forms-field-set uagb-block-81e23011\"><div class=\"uagb-forms-textarea-label required uagb-forms-input-label\" id=\"81e23011\">Viesti<\/div><textarea required=\"\" class=\"uagb-forms-textarea-input uagb-forms-input\" rows=\"4\" placeholder=\"\" name=\"81e23011\" autocomplete=\"off\"><\/textarea><\/div>\n<div class=\"uagb-forms-form-hidden-data\"><input type=\"hidden\" class=\"uagb_forms_form_label\" value=\"Spectra Form\"\/><input type=\"hidden\" class=\"uagb_forms_form_id\" value=\"uagb-form-68ec3041\"\/><\/div><div class=\"uagb-form-reacaptcha-error-68ec3041\"><\/div><div class=\"uagb-forms-main-submit-button-wrap wp-block-button\"><button class=\"uagb-forms-main-submit-button wp-block-button__link\"><div class=\"uagb-forms-main-submit-button-text\">L\u00e4het\u00e4 viesti<\/div><\/button><\/div><\/form><div class=\"uagb-forms-success-message-68ec3041 uagb-forms-submit-message-hide\"><span>Thank you, I will get back to you as soon as possible!\n\nIf you need something urgently please call me at +34 644 917 039<\/span><\/div><div class=\"uagb-forms-failed-message-68ec3041 uagb-forms-submit-message-hide\"><span>There has been some error while submitting the form. Please verify all form fields again.<\/span><\/div><\/div>\n<\/div>\n<\/div><\/div>\n\n<!-- Event snippet for Page view conversion page -->\n<script>\n  gtag('event', 'conversion', {'send_to': 'AW-16666605491\/owGUCPmIg8kZELPvoIs-'});\n<\/script>\n","protected":false},"excerpt":{"rendered":"<p>Ota yhteytt\u00e4 Ota minuun yhteytt\u00e4 t\u00e4n\u00e4\u00e4n Phone +34 644 917 039 Email contacto@alandachef.com Social<\/p>\n","protected":false},"author":1,"featured_media":0,"parent":0,"menu_order":0,"comment_status":"closed","ping_status":"closed","template":"","meta":{"_uag_custom_page_level_css":"","site-sidebar-layout":"default","site-content-layout":"page-builder","ast-site-content-layout":"full-width-container","site-content-style":"unboxed","site-sidebar-style":"unboxed","ast-global-header-display":"","ast-banner-title-visibility":"","ast-main-header-display":"","ast-hfb-above-header-display":"","ast-hfb-below-header-display":"","ast-hfb-mobile-header-display":"","site-post-title":"disabled","ast-breadcrumbs-content":"","ast-featured-img":"","footer-sml-layout":"","theme-transparent-header-meta":"","adv-header-id-meta":"","stick-header-meta":"","header-above-stick-meta":"","header-main-stick-meta":"","header-below-stick-meta":"","astra-migrate-meta-layouts":"default","ast-page-background-enabled":"default","ast-page-background-meta":{"desktop":{"background-color":"var(--ast-global-color-4)","background-image":"","background-repeat":"repeat","background-position":"center center","background-size":"auto","background-attachment":"scroll","background-type":"","background-media":"","overlay-type":"","overlay-color":"","overlay-opacity":"","overlay-gradient":""},"tablet":{"background-color":"","background-image":"","background-repeat":"repeat","background-position":"center center","background-size":"auto","background-attachment":"scroll","background-type":"","background-media":"","overlay-type":"","overlay-color":"","overlay-opacity":"","overlay-gradient":""},"mobile":{"background-color":"","background-image":"","background-repeat":"repeat","background-position":"center center","background-size":"auto","background-attachment":"scroll","background-type":"","background-media":"","overlay-type":"","overlay-color":"","overlay-opacity":"","overlay-gradient":""}},"ast-content-background-meta":{"desktop":{"background-color":"var(--ast-global-color-5)","background-image":"","background-repeat":"repeat","background-position":"center center","background-size":"auto","background-attachment":"scroll","background-type":"","background-media":"","overlay-type":"","overlay-color":"","overlay-opacity":"","overlay-gradient":""},"tablet":{"background-color":"var(--ast-global-color-5)","background-image":"","background-repeat":"repeat","background-position":"center center","background-size":"auto","background-attachment":"scroll","background-type":"","background-media":"","overlay-type":"","overlay-color":"","overlay-opacity":"","overlay-gradient":""},"mobile":{"background-color":"var(--ast-global-color-5)","background-image":"","background-repeat":"repeat","background-position":"center center","background-size":"auto","background-attachment":"scroll","background-type":"","background-media":"","overlay-type":"","overlay-color":"","overlay-opacity":"","overlay-gradient":""}},"footnotes":""},"class_list":["post-1810","page","type-page","status-publish","hentry"],"uagb_featured_image_src":{"full":false,"thumbnail":false,"medium":false,"medium_large":false,"large":false,"1536x1536":false,"2048x2048":false},"uagb_author_info":{"display_name":"lakasydgdtfcc","author_link":"https:\/\/alandachef.com\/fi\/author\/lakasydgdtfcc\/"},"uagb_comment_info":0,"uagb_excerpt":"Ota yhteytt\u00e4 Ota minuun yhteytt\u00e4 t\u00e4n\u00e4\u00e4n Phone +34 644 917 039 Email contacto@alandachef.com Social","_links":{"self":[{"href":"https:\/\/alandachef.com\/fi\/wp-json\/wp\/v2\/pages\/1810","targetHints":{"allow":["GET"]}}],"collection":[{"href":"https:\/\/alandachef.com\/fi\/wp-json\/wp\/v2\/pages"}],"about":[{"href":"https:\/\/alandachef.com\/fi\/wp-json\/wp\/v2\/types\/page"}],"author":[{"embeddable":true,"href":"https:\/\/alandachef.com\/fi\/wp-json\/wp\/v2\/users\/1"}],"replies":[{"embeddable":true,"href":"https:\/\/alandachef.com\/fi\/wp-json\/wp\/v2\/comments?post=1810"}],"version-history":[{"count":1,"href":"https:\/\/alandachef.com\/fi\/wp-json\/wp\/v2\/pages\/1810\/revisions"}],"predecessor-version":[{"id":1811,"href":"https:\/\/alandachef.com\/fi\/wp-json\/wp\/v2\/pages\/1810\/revisions\/1811"}],"wp:attachment":[{"href":"https:\/\/alandachef.com\/fi\/wp-json\/wp\/v2\/media?parent=1810"}],"curies":[{"name":"wp","href":"https:\/\/api.w.org\/{rel}","templated":true}]}}